{"id":2025,"date":"2026-04-03T16:06:37","date_gmt":"2026-04-03T14:06:37","guid":{"rendered":"https:\/\/rr-solutions.se\/product\/bike-rack-premium-r25wd-for-4-bikes-2\/"},"modified":"2026-04-03T16:06:51","modified_gmt":"2026-04-03T14:06:51","slug":"cykelstall-premium-r25wd-for-4-cyklar","status":"publish","type":"product","link":"https:\/\/rr-solutions.se\/sv\/product\/bike-rack-premium-r25wd-for-4-bikes\/","title":{"rendered":"Cykelst\u00e4ll Premium R25WD f\u00f6r 4 Cyklar"},"content":{"rendered":"<h2 style=\"color: black;\">Cykelst\u00e4ll Premium R25WD - 4 cyklar, dubbelsidigt, 540 mm hjulutrymme<\/h2>\n<p>Cykelst\u00e4ll Premium R25WD \u00e4r ett sj\u00e4lvst\u00e5ende cykelst\u00e4ll som \u00e4r utformat f\u00f6r cyklar med bredare styre. De vinklade f\u00e4stena med gummibel\u00e4ggning i signalr\u00f6tt skyddar cyklarna fr\u00e5n att tippa och mot eventuella f\u00e4lgskador. Cykelst\u00e4llet rymmer cyklar med d\u00e4ckbredder p\u00e5 upp till 55 mm och hjulavst\u00e5nd p\u00e5 540 mm.<\/p>\n<p>Detta premiumcykelst\u00e4ll \u00e4r utrustat med integrerade st\u00e5l\u00f6glor som ger f\u00f6rb\u00e4ttrat skydd mot st\u00f6ld. \u00d6glorna g\u00f6r att du kan l\u00e5sa fast dina cyklar s\u00e4kert p\u00e5 st\u00e4llet. Cykelst\u00e4llet \u00e4r tillverkat av bultade st\u00e5lr\u00f6r f\u00f6r l\u00e5ng h\u00e5llbarhet. De gummikl\u00e4dda ramst\u00f6den skyddar cyklarna fr\u00e5n repor. Cykelst\u00e4ll Premium R25WD erbjuder en utrymmeseffektiv l\u00f6sning f\u00f6r att skydda cyklar av h\u00f6g kvalitet.<\/p>\n<p>Oavsett om det anv\u00e4nds i kontorsmilj\u00f6er, bostadsomr\u00e5den eller kommersiella lokaler erbjuder cykelst\u00e4ll Premium R25WD h\u00f6g parkeringskomfort f\u00f6r b\u00e5de anv\u00e4ndare och deras cyklar. Det \u00e4r utformat f\u00f6r golvmontering och radanslutning, vilket g\u00f6r det enkelt att f\u00f6rl\u00e4nga eller installera flera enheter i en serie f\u00f6r st\u00f6rre parkeringsomr\u00e5den. Den frist\u00e5ende, bultade st\u00e5lr\u00f6rskonstruktionen garanterar h\u00e5llbarhet. Det h\u00e4r cykelst\u00e4llet \u00e4r en s\u00e4ker och utrymmeseffektiv l\u00f6sning f\u00f6r att skydda cyklar av h\u00f6g kvalitet mot skador och st\u00f6ld.<\/p>","protected":false},"excerpt":{"rendered":"<ul>\n<li>Dubbelsidigt cykelst\u00e4ll f\u00f6r s\u00e4ker och bekv\u00e4m parkering<\/li>\n<li>Vinklade, lutande, gummibekl\u00e4dda f\u00e4sten<\/li>\n<li>540 mm hjulutrymme l\u00e4mpligt f\u00f6r cyklar<\/li>\n<li>St\u00e5l\u00f6glor f\u00f6r optimerat st\u00f6ldskydd<\/li>\n<li>Slitstark, korrosionsskyddad st\u00e5lkonstruktion<\/li>\n<li>F\u00f6rberedd f\u00f6r golvmontering och radanslutning<\/li>\n<\/ul>","protected":false},"featured_media":579,"comment_status":"closed","ping_status":"open","template":"","meta":{"_acf_changed":false},"product_brand":[],"product_cat":[142,180,143],"product_tag":[145],"class_list":{"0":"post-2025","1":"product","2":"type-product","3":"status-publish","4":"has-post-thumbnail","6":"product_cat-bicycle-parking-system","7":"product_cat-bike-rack-premium-r25","8":"product_cat-bike-racks","9":"product_tag-bike-rack","10":"pa_bicycle-spaces-540-mm","11":"pa_color-silver","12":"pa_configuration-two-sided","13":"pa_depth-1200-mm","14":"pa_ean-gtin-197","15":"pa_height-856-mm","16":"pa_length-1080-mm","17":"pa_material-steel","18":"pa_maximum-tyre-width-55-mm","19":"pa_mounting-type-floor-mounting","20":"pa_parking-spaces-4-bikes","21":"pa_rr-item-number-rr103061","22":"pa_surface-hot-dip-galvanised","23":"pa_weight-226-kg","25":"first","26":"instock","27":"product-type-simple"},"acf":[],"_links":{"self":[{"href":"https:\/\/rr-solutions.se\/sv\/wp-json\/wp\/v2\/product\/2025","targetHints":{"allow":["GET"]}}],"collection":[{"href":"https:\/\/rr-solutions.se\/sv\/wp-json\/wp\/v2\/product"}],"about":[{"href":"https:\/\/rr-solutions.se\/sv\/wp-json\/wp\/v2\/types\/product"}],"replies":[{"embeddable":true,"href":"https:\/\/rr-solutions.se\/sv\/wp-json\/wp\/v2\/comments?post=2025"}],"wp:featuredmedia":[{"embeddable":true,"href":"https:\/\/rr-solutions.se\/sv\/wp-json\/wp\/v2\/media\/579"}],"wp:attachment":[{"href":"https:\/\/rr-solutions.se\/sv\/wp-json\/wp\/v2\/media?parent=2025"}],"wp:term":[{"taxonomy":"product_brand","embeddable":true,"href":"https:\/\/rr-solutions.se\/sv\/wp-json\/wp\/v2\/product_brand?post=2025"},{"taxonomy":"product_cat","embeddable":true,"href":"https:\/\/rr-solutions.se\/sv\/wp-json\/wp\/v2\/product_cat?post=2025"},{"taxonomy":"product_tag","embeddable":true,"href":"https:\/\/rr-solutions.se\/sv\/wp-json\/wp\/v2\/product_tag?post=2025"}],"curies":[{"name":"wp","href":"https:\/\/api.w.org\/{rel}","templated":true}]}}