{"id":2042,"date":"2026-04-03T16:07:43","date_gmt":"2026-04-03T14:07:43","guid":{"rendered":"https:\/\/rr-solutions.se\/product\/bike-rack-premium-r45w-for-6-bikes-2\/"},"modified":"2026-04-03T16:07:47","modified_gmt":"2026-04-03T14:07:47","slug":"cykelstall-premium-r45w-for-6-cyklar","status":"publish","type":"product","link":"https:\/\/rr-solutions.se\/sv\/product\/bike-rack-premium-r45w-for-6-bikes\/","title":{"rendered":"Cykelst\u00e4ll Premium R45W f\u00f6r 6 Cyklar"},"content":{"rendered":"<h2 style=\"color: black;\">Cykelst\u00e4ll Premium R45W - 6 cyklar, enkelsidigt, 500 mm hjulutrymme<\/h2>\n<p>Cykelst\u00e4ll Premium R45W \u00e4r ett robust och m\u00e5ngsidigt cykelparkeringssystem som \u00e4r utformat f\u00f6r att tillgodose cyklisternas behov i olika milj\u00f6er. Med 500 mm hjulutrymme s\u00e4kerst\u00e4ller den h\u00e4r extra breda modellen att \u00e4ven st\u00f6rre cyklar, som mountainbikes och elcyklar, kan parkeras s\u00e4kert och effektivt. Den har vertikala parkeringsb\u00e5gar och gummikl\u00e4dda ramst\u00f6d f\u00f6r att skydda cyklarna fr\u00e5n repor och skador. Systemet har ocks\u00e5 integrerade st\u00e5l\u00f6glor som g\u00f6r det enkelt att l\u00e5sa fast cyklarna med l\u00e5s, vilket bidrar till att f\u00f6rhindra st\u00f6ld.<\/p>\n<p>De omv\u00e4xlande l\u00e5ga och h\u00f6ga inst\u00e4llningarna hj\u00e4lper till att spara v\u00e4rdefullt parkeringsutrymme, vilket g\u00f6r det till en m\u00e5ngsidig l\u00f6sning f\u00f6r tr\u00e5nga omr\u00e5den. Det m\u00f6jligg\u00f6r b\u00e5de enkelsidig och dubbelsidig parkering, vilket ger flexibilitet f\u00f6r olika behov. Systemet \u00e4r dessutom prefabricerat f\u00f6r enkel rad- eller seriekoppling. Detta g\u00f6r det enkelt att ut\u00f6ka parkeringskapaciteten efter behov.<\/p>\n<p>Cykelst\u00e4ll Premium R45W \u00e4r tillverkat av bultade st\u00e5lr\u00f6r och \u00e4r byggt f\u00f6r l\u00e5ngvarig h\u00e5llbarhet. Det kan golvmonteras f\u00f6r \u00f6kad stabilitet, vilket garanterar att det f\u00f6rblir s\u00e4kert och funktionellt. Cykelst\u00e4llet \u00e4r perfekt f\u00f6r parkering av cyklar i offentliga utrymmen, p\u00e5 kontor eller hemma, och erbjuder b\u00e5de bekv\u00e4mlighet och s\u00e4kerhet.<\/p>","protected":false},"excerpt":{"rendered":"<ul>\n<li>Enkelsidigt cykelst\u00e4ll f\u00f6r s\u00e4ker och bekv\u00e4m parkering<\/li>\n<li>Vertikala parkeringsb\u00e5gar och gummibelagda ramst\u00f6d<\/li>\n<li>500 mm hjulutrymme l\u00e4mpligt f\u00f6r cyklar<\/li>\n<li>Passar d\u00e4ck med en bredd p\u00e5 upp till 64 mm<\/li>\n<li>St\u00e5l\u00f6glor f\u00f6r optimerat st\u00f6ldskydd<\/li>\n<li>Slitstark, korrosionsskyddad st\u00e5lkonstruktion<\/li>\n<li>F\u00f6rberedd f\u00f6r golvmontering och radanslutning<\/li>\n<\/ul>","protected":false},"featured_media":613,"comment_status":"closed","ping_status":"open","template":"","meta":{"_acf_changed":false},"product_brand":[],"product_cat":[142,241,143],"product_tag":[145],"class_list":{"0":"post-2042","1":"product","2":"type-product","3":"status-publish","4":"has-post-thumbnail","6":"product_cat-bicycle-parking-system","7":"product_cat-bike-rack-premium-r45","8":"product_cat-bike-racks","9":"product_tag-bike-rack","10":"pa_bicycle-spaces-500-mm","11":"pa_color-silver","12":"pa_configuration-one-sided","13":"pa_depth-867-mm","14":"pa_ean-gtin-255","15":"pa_height-856-mm","16":"pa_length-3000-mm","17":"pa_material-steel","18":"pa_maximum-tyre-width-64-mm","19":"pa_mounting-type-floor-mounting","20":"pa_parking-spaces-6-bikes","21":"pa_rr-item-number-rr103007","22":"pa_surface-hot-dip-galvanised","23":"pa_weight-438-kg","25":"first","26":"instock","27":"product-type-simple"},"acf":[],"_links":{"self":[{"href":"https:\/\/rr-solutions.se\/sv\/wp-json\/wp\/v2\/product\/2042","targetHints":{"allow":["GET"]}}],"collection":[{"href":"https:\/\/rr-solutions.se\/sv\/wp-json\/wp\/v2\/product"}],"about":[{"href":"https:\/\/rr-solutions.se\/sv\/wp-json\/wp\/v2\/types\/product"}],"replies":[{"embeddable":true,"href":"https:\/\/rr-solutions.se\/sv\/wp-json\/wp\/v2\/comments?post=2042"}],"wp:featuredmedia":[{"embeddable":true,"href":"https:\/\/rr-solutions.se\/sv\/wp-json\/wp\/v2\/media\/613"}],"wp:attachment":[{"href":"https:\/\/rr-solutions.se\/sv\/wp-json\/wp\/v2\/media?parent=2042"}],"wp:term":[{"taxonomy":"product_brand","embeddable":true,"href":"https:\/\/rr-solutions.se\/sv\/wp-json\/wp\/v2\/product_brand?post=2042"},{"taxonomy":"product_cat","embeddable":true,"href":"https:\/\/rr-solutions.se\/sv\/wp-json\/wp\/v2\/product_cat?post=2042"},{"taxonomy":"product_tag","embeddable":true,"href":"https:\/\/rr-solutions.se\/sv\/wp-json\/wp\/v2\/product_tag?post=2042"}],"curies":[{"name":"wp","href":"https:\/\/api.w.org\/{rel}","templated":true}]}}