{"id":2049,"date":"2026-04-03T16:07:43","date_gmt":"2026-04-03T14:07:43","guid":{"rendered":"https:\/\/rr-solutions.se\/product\/bike-rack-premium-r46w-for-2-bikes-2\/"},"modified":"2026-04-03T16:07:57","modified_gmt":"2026-04-03T14:07:57","slug":"cykelstall-premium-r46w-for-2-cyklar","status":"publish","type":"product","link":"https:\/\/rr-solutions.se\/sv\/product\/bike-rack-premium-r46w-for-2-bikes\/","title":{"rendered":"Cykelst\u00e4ll Premium R46W f\u00f6r 2 Cyklar"},"content":{"rendered":"<h2 style=\"color: black;\">Cykelst\u00e4ll Premium R46W - 2 cyklar, enkelsidigt, 500 mm hjulutrymme<\/h2>\n<p>Cykelst\u00e4ll Premium R46W \u00e4r en robust och m\u00e5ngsidig l\u00f6sning f\u00f6r cykelparkering, perfekt f\u00f6r stadsomr\u00e5den, arbetsplatser eller privata lokaler. Cykelst\u00e4llet \u00e4r byggt med en frist\u00e5ende, bultad st\u00e5lr\u00f6rskonstruktion och \u00e4r utformat f\u00f6r h\u00e5llbarhet och stabilitet, vilket garanterar tillf\u00f6rlitlig prestanda \u00e4ven i livliga milj\u00f6er.<\/p>\n<p>Parkeringsbyglarna i vertikalt format \u00e4r utformade f\u00f6r att h\u00e5lla cyklarna s\u00e4kert uppr\u00e4tt och rymmer olika stilar, inklusive mountainbikes och e-cyklar. F\u00f6r att skydda cykelramarna fr\u00e5n repor och skador \u00e4r ramst\u00f6den belagda med gummi. Dessutom \u00e4r de integrerade st\u00e5l\u00f6glorna en praktisk st\u00f6ldskyddsfunktion som g\u00f6r det m\u00f6jligt att f\u00e4sta l\u00e5s p\u00e5 ett s\u00e4kert s\u00e4tt.<\/p>\n<p>De omv\u00e4xlande l\u00e5ga och h\u00f6ga inst\u00e4llningarna hj\u00e4lper till att spara v\u00e4rdefullt parkeringsutrymme, vilket g\u00f6r det till en m\u00e5ngsidig l\u00f6sning f\u00f6r tr\u00e5nga omr\u00e5den. Det m\u00f6jligg\u00f6r b\u00e5de enkelsidig och dubbelsidig parkering, vilket ger flexibilitet f\u00f6r olika behov. Systemet \u00e4r dessutom prefabricerat f\u00f6r enkel rad- eller seriekoppling. Detta g\u00f6r det enkelt att ut\u00f6ka parkeringskapaciteten efter behov.<\/p>\n<p>Cykelst\u00e4ll Premium R46W \u00e4r tillverkat av bultade st\u00e5lr\u00f6r och \u00e4r byggt f\u00f6r l\u00e5ngvarig h\u00e5llbarhet. Det kan golvmonteras f\u00f6r \u00f6kad stabilitet, vilket garanterar att det f\u00f6rblir s\u00e4kert och funktionellt. Cykelst\u00e4llet \u00e4r perfekt f\u00f6r parkering av cyklar i offentliga utrymmen, p\u00e5 kontor eller hemma, och erbjuder b\u00e5de bekv\u00e4mlighet och s\u00e4kerhet.<\/p>","protected":false},"excerpt":{"rendered":"<ul>\n<li>Enkelsidigt cykelst\u00e4ll f\u00f6r s\u00e4ker och bekv\u00e4m parkering<\/li>\n<li>S\u00e4kra vertikala parkeringsb\u00e5gar och bekv\u00e4ma ramst\u00f6d<\/li>\n<li>500 mm hjulutrymme l\u00e4mpligt f\u00f6r cyklar<\/li>\n<li>Passar d\u00e4ck med en bredd p\u00e5 upp till 64 mm<\/li>\n<li>St\u00e5l\u00f6glor f\u00f6r optimerat st\u00f6ldskydd<\/li>\n<li>Slitstark, korrosionsskyddad st\u00e5lkonstruktion<\/li>\n<li>Platsbesparande l\u00e5g\/h\u00f6g konfiguration<\/li>\n<\/ul>","protected":false},"featured_media":688,"comment_status":"closed","ping_status":"open","template":"","meta":{"_acf_changed":false},"product_brand":[],"product_cat":[142,270,143],"product_tag":[145],"class_list":{"0":"post-2049","1":"product","2":"type-product","3":"status-publish","4":"has-post-thumbnail","6":"product_cat-bicycle-parking-system","7":"product_cat-bike-rack-premium-r46","8":"product_cat-bike-racks","9":"product_tag-bike-rack","10":"pa_bicycle-spaces-500-mm","11":"pa_color-silver","12":"pa_configuration-one-sided","13":"pa_depth-1130-mm","14":"pa_ean-gtin-278","15":"pa_height-820-mm","16":"pa_length-1000-mm","17":"pa_material-steel","18":"pa_maximum-tyre-width-64-mm","19":"pa_mounting-type-floor-mounting","20":"pa_parking-spaces-2-bikes","21":"pa_rr-item-number-rr102567","22":"pa_surface-hot-dip-galvanised","23":"pa_weight-148-kg","25":"first","26":"instock","27":"product-type-simple"},"acf":[],"_links":{"self":[{"href":"https:\/\/rr-solutions.se\/sv\/wp-json\/wp\/v2\/product\/2049","targetHints":{"allow":["GET"]}}],"collection":[{"href":"https:\/\/rr-solutions.se\/sv\/wp-json\/wp\/v2\/product"}],"about":[{"href":"https:\/\/rr-solutions.se\/sv\/wp-json\/wp\/v2\/types\/product"}],"replies":[{"embeddable":true,"href":"https:\/\/rr-solutions.se\/sv\/wp-json\/wp\/v2\/comments?post=2049"}],"wp:featuredmedia":[{"embeddable":true,"href":"https:\/\/rr-solutions.se\/sv\/wp-json\/wp\/v2\/media\/688"}],"wp:attachment":[{"href":"https:\/\/rr-solutions.se\/sv\/wp-json\/wp\/v2\/media?parent=2049"}],"wp:term":[{"taxonomy":"product_brand","embeddable":true,"href":"https:\/\/rr-solutions.se\/sv\/wp-json\/wp\/v2\/product_brand?post=2049"},{"taxonomy":"product_cat","embeddable":true,"href":"https:\/\/rr-solutions.se\/sv\/wp-json\/wp\/v2\/product_cat?post=2049"},{"taxonomy":"product_tag","embeddable":true,"href":"https:\/\/rr-solutions.se\/sv\/wp-json\/wp\/v2\/product_tag?post=2049"}],"curies":[{"name":"wp","href":"https:\/\/api.w.org\/{rel}","templated":true}]}}