{"id":2057,"date":"2026-04-03T16:08:03","date_gmt":"2026-04-03T14:08:03","guid":{"rendered":"https:\/\/rr-solutions.se\/product\/bike-rack-economy-r2s-for-4-bikes-2\/"},"modified":"2026-04-03T16:08:08","modified_gmt":"2026-04-03T14:08:08","slug":"cykelstall-economi-r2s-for-4-cyklar","status":"publish","type":"product","link":"https:\/\/rr-solutions.se\/sv\/product\/bike-rack-economy-r2s-for-4-bikes\/","title":{"rendered":"Cykelst\u00e4ll Economi R2S f\u00f6r 4 cyklar"},"content":{"rendered":"<h2 style=\"color: black;\">Cykelst\u00e4ll ekonomi R2S - 4 cyklar, enkelsidigt, 350 mm hjulutrymme<\/h2>\n<p>Cykelst\u00e4ll ekonomi R2S \u00e4r en praktisk och effektiv l\u00f6sning f\u00f6r moderna cykelparkeringsbehov. Det \u00e4r utformat med enkelsidig konfiguration och ett hjulutrymme p\u00e5 350 mm och rymmer enkelt standardcyklar och de flesta mountainbikes. F\u00f6r att maximera anv\u00e4ndningen av tillg\u00e4ngligt utrymme erbjuder systemet en l\u00e5g-h\u00f6g design eller m\u00f6jlighet till enkel- eller dubbelsidig montering. Denna flexibilitet g\u00f6r det idealiskt f\u00f6r en m\u00e4ngd olika milj\u00f6er, fr\u00e5n bost\u00e4der till kommersiella anl\u00e4ggningar.<\/p>\n<p>En av de utm\u00e4rkande egenskaperna hos cykelst\u00e4ll ekonomi R2W \u00e4r dess kompatibilitet med R2W-serien, som passar extra breda cyklar, vilket g\u00f6r det m\u00f6jligt f\u00f6r alla cyklister att ta sig fram. Den robusta, korrosionsskyddade st\u00e5lkonstruktionen garanterar l\u00e5ngvarig h\u00e5llbarhet och motst\u00e5ndskraft mot v\u00e4der och vind, vilket g\u00f6r det till ett p\u00e5litligt val f\u00f6r utomhusbruk.<\/p>\n<p>F\u00f6r extra bekv\u00e4mlighet har cykelst\u00e4llet st\u00f6d f\u00f6r rad- och serieanslutningar och kan monteras s\u00e4kert i marken. Monteringen \u00e4r okomplicerad, vilket m\u00f6jligg\u00f6r snabb och ekonomisk installation p\u00e5 plats. Markf\u00f6rankringar och monteringsf\u00e4sten finns tillg\u00e4ngliga separat f\u00f6r att \u00f6ka stabiliteten och s\u00e4kerheten. Oavsett om det g\u00e4ller stadsmilj\u00f6er eller privata installationer ger cykelst\u00e4ll ekonomi R2S en kostnadseffektiv, utrymmesbesparande och p\u00e5litlig parkeringsl\u00f6sning.<\/p>","protected":false},"excerpt":{"rendered":"<ul>\n<li>Enkelsidigt cykelst\u00e4ll f\u00f6r s\u00e4ker och bekv\u00e4m parkering<\/li>\n<li>350 mm hjulutrymme l\u00e4mpligt f\u00f6r cyklar<\/li>\n<li>Enkelsidiga eller dubbelsidiga parkeringsalternativ tillg\u00e4ngliga<\/li>\n<li>Slitstark, korrosionsskyddad st\u00e5lkonstruktion<\/li>\n<li>Enkel sj\u00e4lvmontering med markf\u00f6rankringar och monteringsf\u00e4sten som tillval<\/li>\n<\/ul>","protected":false},"featured_media":437,"comment_status":"closed","ping_status":"open","template":"","meta":{"_acf_changed":false},"product_brand":[],"product_cat":[142,299,143],"product_tag":[145],"class_list":{"0":"post-2057","1":"product","2":"type-product","3":"status-publish","4":"has-post-thumbnail","6":"product_cat-bicycle-parking-system","7":"product_cat-bike-rack-economy-r2","8":"product_cat-bike-racks","9":"product_tag-bike-rack","10":"pa_bicycle-spaces-350-mm","11":"pa_color-silver","12":"pa_configuration-one-sided","13":"pa_depth-538-mm","14":"pa_ean-gtin-306","15":"pa_height-415-mm","16":"pa_length-1400-mm","17":"pa_material-steel","18":"pa_maximum-tyre-width-55-mm","19":"pa_mounting-type-floor-mounting","20":"pa_parking-spaces-4-bikes","21":"pa_rr-item-number-rr102537","22":"pa_surface-hot-dip-galvanised","23":"pa_weight-136-kg","25":"first","26":"instock","27":"product-type-simple"},"acf":[],"_links":{"self":[{"href":"https:\/\/rr-solutions.se\/sv\/wp-json\/wp\/v2\/product\/2057","targetHints":{"allow":["GET"]}}],"collection":[{"href":"https:\/\/rr-solutions.se\/sv\/wp-json\/wp\/v2\/product"}],"about":[{"href":"https:\/\/rr-solutions.se\/sv\/wp-json\/wp\/v2\/types\/product"}],"replies":[{"embeddable":true,"href":"https:\/\/rr-solutions.se\/sv\/wp-json\/wp\/v2\/comments?post=2057"}],"wp:featuredmedia":[{"embeddable":true,"href":"https:\/\/rr-solutions.se\/sv\/wp-json\/wp\/v2\/media\/437"}],"wp:attachment":[{"href":"https:\/\/rr-solutions.se\/sv\/wp-json\/wp\/v2\/media?parent=2057"}],"wp:term":[{"taxonomy":"product_brand","embeddable":true,"href":"https:\/\/rr-solutions.se\/sv\/wp-json\/wp\/v2\/product_brand?post=2057"},{"taxonomy":"product_cat","embeddable":true,"href":"https:\/\/rr-solutions.se\/sv\/wp-json\/wp\/v2\/product_cat?post=2057"},{"taxonomy":"product_tag","embeddable":true,"href":"https:\/\/rr-solutions.se\/sv\/wp-json\/wp\/v2\/product_tag?post=2057"}],"curies":[{"name":"wp","href":"https:\/\/api.w.org\/{rel}","templated":true}]}}