{"id":2070,"date":"2026-04-03T16:08:03","date_gmt":"2026-04-03T14:08:03","guid":{"rendered":"https:\/\/rr-solutions.se\/product\/bike-rack-economy-r2w-for-8-bikes-2\/"},"modified":"2026-04-03T16:08:19","modified_gmt":"2026-04-03T14:08:19","slug":"cykelstall-economi-r2w-for-8-cyklar","status":"publish","type":"product","link":"https:\/\/rr-solutions.se\/sv\/product\/bike-rack-economy-r2w-for-8-bikes\/","title":{"rendered":"Cykelst\u00e4ll Economi R2W f\u00f6r 8 cyklar"},"content":{"rendered":"<h2 style=\"color: black;\">Bike Rack Economy R2W &#8211; 8 bikes, single-sided, 390mm wheel space<\/h2>\n<p>Cykelst\u00e4llet ekonomi R2W \u00e4r utformat f\u00f6r att m\u00f6ta den v\u00e4xande efterfr\u00e5gan p\u00e5 parkeringsl\u00f6sningar som \u00e4r kompatibla med bredare och bredare styren. Detta cykelst\u00e4ll har ett bekv\u00e4mt avst\u00e5nd p\u00e5 390 mm mellan hjulen, vilket ger gott om plats f\u00f6r dina cyklar att parkeras s\u00e4kert utan \u00f6verbel\u00e4ggning. F\u00f6r att maximera anv\u00e4ndningen av tillg\u00e4ngligt utrymme erbjuder systemet en l\u00e5g-h\u00f6g design eller m\u00f6jlighet till enkel- eller dubbelsidig parkering. Denna flexibilitet g\u00f6r det idealiskt f\u00f6r en m\u00e4ngd olika milj\u00f6er, fr\u00e5n bost\u00e4der till kommersiella anl\u00e4ggningar. <\/p>\n<p>Cykelst\u00e4llet ekonomi R2W \u00e4r byggt med en robust och korrosionsskyddad st\u00e5lkonstruktion som garanterar l\u00e5ng h\u00e5llbarhet och prestanda under olika f\u00f6rh\u00e5llanden. Dess alternativa l\u00e5g-\/h\u00f6ginst\u00e4llning ger ett innovativt s\u00e4tt att optimera utrymmet, vilket g\u00f6r det l\u00e4mpligt f\u00f6r kompakta omr\u00e5den.<\/p>\n<p>F\u00f6r extra bekv\u00e4mlighet har cykelst\u00e4llet st\u00f6d f\u00f6r rad- och serieanslutningar och kan monteras s\u00e4kert i marken. Monteringen \u00e4r enkel, vilket m\u00f6jligg\u00f6r snabb och ekonomisk installation p\u00e5 plats. Markf\u00f6rankringar och monteringsf\u00e4sten finns tillg\u00e4ngliga separat f\u00f6r att f\u00f6rb\u00e4ttra stabiliteten och s\u00e4kerheten. Oavsett om det g\u00e4ller stadsmilj\u00f6er eller privata installationer ger cykelst\u00e4llet ekonomi R2W en kostnadseffektiv, utrymmesbesparande och p\u00e5litlig parkeringsl\u00f6sning.<\/p>","protected":false},"excerpt":{"rendered":"<ul>\n<li>Enkelsidigt cykelst\u00e4ll f\u00f6r s\u00e4ker och bekv\u00e4m parkering<\/li>\n<li>390mm wheel space for wider handlebars<\/li>\n<li>Enkelsidiga eller dubbelsidiga parkeringsalternativ tillg\u00e4ngliga<\/li>\n<li>Slitstark, korrosionsskyddad st\u00e5lkonstruktion<\/li>\n<li>Enkel sj\u00e4lvmontering med markf\u00f6rankringar och monteringsf\u00e4sten som tillval<\/li>\n<\/ul>","protected":false},"featured_media":453,"comment_status":"closed","ping_status":"open","template":"","meta":{"_acf_changed":false},"product_brand":[],"product_cat":[142,299,143],"product_tag":[145],"class_list":{"0":"post-2070","1":"product","2":"type-product","3":"status-publish","4":"has-post-thumbnail","6":"product_cat-bicycle-parking-system","7":"product_cat-bike-rack-economy-r2","8":"product_cat-bike-racks","9":"product_tag-bike-rack","10":"pa_bicycle-spaces-390-mm","11":"pa_color-silver","12":"pa_configuration-one-sided","13":"pa_depth-538-mm","14":"pa_ean-gtin-351","15":"pa_height-415-mm","16":"pa_length-3000-mm","17":"pa_material-steel","18":"pa_maximum-tyre-width-55-mm","19":"pa_mounting-type-floor-mounting","20":"pa_parking-spaces-8-bikes","21":"pa_rr-item-number-rr102547","22":"pa_surface-hot-dip-galvanised","23":"pa_weight-276-kg","25":"first","26":"instock","27":"product-type-simple"},"acf":[],"_links":{"self":[{"href":"https:\/\/rr-solutions.se\/sv\/wp-json\/wp\/v2\/product\/2070","targetHints":{"allow":["GET"]}}],"collection":[{"href":"https:\/\/rr-solutions.se\/sv\/wp-json\/wp\/v2\/product"}],"about":[{"href":"https:\/\/rr-solutions.se\/sv\/wp-json\/wp\/v2\/types\/product"}],"replies":[{"embeddable":true,"href":"https:\/\/rr-solutions.se\/sv\/wp-json\/wp\/v2\/comments?post=2070"}],"wp:featuredmedia":[{"embeddable":true,"href":"https:\/\/rr-solutions.se\/sv\/wp-json\/wp\/v2\/media\/453"}],"wp:attachment":[{"href":"https:\/\/rr-solutions.se\/sv\/wp-json\/wp\/v2\/media?parent=2070"}],"wp:term":[{"taxonomy":"product_brand","embeddable":true,"href":"https:\/\/rr-solutions.se\/sv\/wp-json\/wp\/v2\/product_brand?post=2070"},{"taxonomy":"product_cat","embeddable":true,"href":"https:\/\/rr-solutions.se\/sv\/wp-json\/wp\/v2\/product_cat?post=2070"},{"taxonomy":"product_tag","embeddable":true,"href":"https:\/\/rr-solutions.se\/sv\/wp-json\/wp\/v2\/product_tag?post=2070"}],"curies":[{"name":"wp","href":"https:\/\/api.w.org\/{rel}","templated":true}]}}