{"id":2094,"date":"2026-04-03T16:08:45","date_gmt":"2026-04-03T14:08:45","guid":{"rendered":"https:\/\/rr-solutions.se\/product\/bike-rack-economy-r4wd-for-6-bikes-2\/"},"modified":"2026-04-03T16:08:46","modified_gmt":"2026-04-03T14:08:46","slug":"cykelstall-ekonomi-r4wd-for-6-cyklar","status":"publish","type":"product","link":"https:\/\/rr-solutions.se\/sv\/product\/bike-rack-economy-r4wd-for-6-bikes\/","title":{"rendered":"Cykelst\u00e4ll Economi R4WD f\u00f6r 6 cyklar"},"content":{"rendered":"<h2 style=\"color: black;\">Cykelst\u00e4ll Ekonomi R4WD - 6 cyklar, dubbelsidigt, 390 mm hjulutrymme<\/h2>\n<p>Cykelst\u00e4ll Ekonomi R4WD \u00e4r en praktisk och platsbesparande l\u00f6sning f\u00f6r f\u00f6rvaring av cyklar. Det passar cyklar med d\u00e4ck som \u00e4r upp till 64 mm breda, vilket g\u00f6r det l\u00e4mpligt f\u00f6r de flesta moderna cyklar. De h\u00f6ga parkeringsb\u00e5garna h\u00e5ller cyklarna stadiga och f\u00f6rhindrar skador p\u00e5 f\u00e4lgarna samtidigt som de erbjuder en s\u00e4ker plats att f\u00e4sta l\u00e5s.<\/p>\n<p>F\u00f6r att maximera anv\u00e4ndningen av tillg\u00e4ngligt utrymme erbjuder systemet en l\u00e5g-h\u00f6g design eller m\u00f6jlighet till enkel- eller dubbelsidig parkering. Denna flexibilitet g\u00f6r det idealiskt f\u00f6r en m\u00e4ngd olika milj\u00f6er, fr\u00e5n bost\u00e4der till kommersiella anl\u00e4ggningar. Det kr\u00e4vs ett djup p\u00e5 ca 1850 mm f\u00f6r enkelsidig parkering och 3200 mm f\u00f6r dubbelsidig parkering.<\/p>\n<p>Cykelst\u00e4llet Ekonomi R4WD \u00e4r tillverkat av slitstarkt, korrosionsskyddat st\u00e5l och \u00e4r byggt f\u00f6r att h\u00e5lla. Det \u00e4r enkelt att montera hemma med tydliga instruktioner, och markankare och monteringsf\u00e4sten finns som tillval f\u00f6r extra stabilitet. Oavsett om det \u00e4r f\u00f6r hemmabruk eller offentlig anv\u00e4ndning \u00e4r det h\u00e4r cykelst\u00e4llet ett p\u00e5litligt och bekv\u00e4mt val.<\/p>","protected":false},"excerpt":{"rendered":"<ul>\n<li>Dubbelsidigt cykelst\u00e4ll f\u00f6r s\u00e4ker och bekv\u00e4m parkering<\/li>\n<li>390 mm hjulutrymme l\u00e4mpligt f\u00f6r cyklar<\/li>\n<li>Passar d\u00e4ck med en bredd p\u00e5 upp till 64 mm<\/li>\n<li>Enkelsidiga eller dubbelsidiga parkeringsalternativ tillg\u00e4ngliga<\/li>\n<li>Slitstark, korrosionsskyddad st\u00e5lkonstruktion<\/li>\n<li>Enkel sj\u00e4lvmontering med markf\u00f6rankringar och monteringsf\u00e4sten som tillval<\/li>\n<\/ul>","protected":false},"featured_media":502,"comment_status":"closed","ping_status":"open","template":"","meta":{"_acf_changed":false},"product_brand":[],"product_cat":[142,380,143],"product_tag":[145],"class_list":{"0":"post-2094","1":"product","2":"type-product","3":"status-publish","4":"has-post-thumbnail","6":"product_cat-bicycle-parking-system","7":"product_cat-bike-rack-economy-r4","8":"product_cat-bike-racks","9":"product_tag-bike-rack","10":"pa_bicycle-spaces-390-mm","11":"pa_color-silver","12":"pa_configuration-two-sided","13":"pa_depth-533-mm","14":"pa_ean-gtin-427","15":"pa_height-720-mm","16":"pa_length-1170-mm","17":"pa_material-steel","18":"pa_maximum-tyre-width-64-mm","19":"pa_mounting-type-floor-mounting","20":"pa_parking-spaces-6-bikes","21":"pa_rr-item-number-rr103281","22":"pa_surface-hot-dip-galvanised","23":"pa_weight-197-kg","25":"first","26":"instock","27":"product-type-simple"},"acf":[],"_links":{"self":[{"href":"https:\/\/rr-solutions.se\/sv\/wp-json\/wp\/v2\/product\/2094","targetHints":{"allow":["GET"]}}],"collection":[{"href":"https:\/\/rr-solutions.se\/sv\/wp-json\/wp\/v2\/product"}],"about":[{"href":"https:\/\/rr-solutions.se\/sv\/wp-json\/wp\/v2\/types\/product"}],"replies":[{"embeddable":true,"href":"https:\/\/rr-solutions.se\/sv\/wp-json\/wp\/v2\/comments?post=2094"}],"wp:featuredmedia":[{"embeddable":true,"href":"https:\/\/rr-solutions.se\/sv\/wp-json\/wp\/v2\/media\/502"}],"wp:attachment":[{"href":"https:\/\/rr-solutions.se\/sv\/wp-json\/wp\/v2\/media?parent=2094"}],"wp:term":[{"taxonomy":"product_brand","embeddable":true,"href":"https:\/\/rr-solutions.se\/sv\/wp-json\/wp\/v2\/product_brand?post=2094"},{"taxonomy":"product_cat","embeddable":true,"href":"https:\/\/rr-solutions.se\/sv\/wp-json\/wp\/v2\/product_cat?post=2094"},{"taxonomy":"product_tag","embeddable":true,"href":"https:\/\/rr-solutions.se\/sv\/wp-json\/wp\/v2\/product_tag?post=2094"}],"curies":[{"name":"wp","href":"https:\/\/api.w.org\/{rel}","templated":true}]}}