{"id":2118,"date":"2026-04-03T16:09:06","date_gmt":"2026-04-03T14:09:06","guid":{"rendered":"https:\/\/rr-solutions.se\/product\/bike-rack-economy-r20-for-2-bikes-set-in-concrete-2000-x-1150-x-48mm-2\/"},"modified":"2026-04-03T16:09:17","modified_gmt":"2026-04-03T14:09:17","slug":"cykelstall-ekonomi-r20-for-2-cyklar-nedgjutning-matt-2000-x-1150-x-48mm","status":"publish","type":"product","link":"https:\/\/rr-solutions.se\/sv\/product\/bike-rack-economy-r20-for-2-bikes-set-in-concrete-2000-x-1150-x-48mm\/","title":{"rendered":"Cykelst\u00e4ll Ekonomi R20 f\u00f6r 2 cyklar- nedgjutning, M\u00e5tt - 2000 \u00d7 1150 \u00d7 48mm"},"content":{"rendered":"<p>Cykelst\u00e4llet Ekonomi R20 \u00e4r en stark och p\u00e5litlig parkeringsl\u00f6sning avsedd f\u00f6r daglig anv\u00e4ndning. Det \u00e4r perfekt f\u00f6r platser som skolor, f\u00f6retag, bostadshus eller andra omr\u00e5den d\u00e4r s\u00e4ker cykelf\u00f6rvaring beh\u00f6vs.<\/p>\n<p>R20 \u00e4r tillverkad av h\u00e5llbara 48 mm galvaniserade st\u00e5lr\u00f6r och \u00e4r konstruerad f\u00f6r att motst\u00e5 rost och slitage \u00f6ver tid. Dess lutande och l\u00e5sbara f\u00e4sten ger utm\u00e4rkt stabilitet och st\u00f6ldskydd, vilket g\u00f6r det enkelt att parkera och s\u00e4kra alla typer och storlekar av cyklar.<\/p>\n<p>Den praktiska kn\u00e4\u00f6verst\u00e5ngen av rostbest\u00e4ndigt 48 mm galvaniserat st\u00e5l ger extra styrka och bekv\u00e4mlighet.<\/p>\n<p>Detta st\u00e4ll kan installeras genom att s\u00e4tta det i betong eller f\u00e4sta det i golvet, vilket ger dig flexibilitet beroende p\u00e5 ditt utrymme. F\u00f6r st\u00f6rre installationer kan du l\u00e4gga till valfria monteringsskenor f\u00f6r att skapa rader av cykelst\u00e4ll.<\/p>\n<p>Enkelt, robust och s\u00e4kert \u2013 Ekonomi R20 \u00e4r ett smart val f\u00f6r bekv\u00e4m och l\u00e5ngvarig cykelparkering.<\/p>","protected":false},"excerpt":{"rendered":"<ul>\n<li>Rymmer 2 cyklar p\u00e5 ett s\u00e4kert s\u00e4tt<\/li>\n<li>Kraftig konstruktion i galvaniserat st\u00e5l<\/li>\n<li>Starka 48 mm r\u00f6r i galvaniserat st\u00e5l<\/li>\n<li>Med kn\u00e4h\u00f6g tv\u00e4rst\u00e5ng<\/li>\n<li>Konstruerad f\u00f6r installation i betong<\/li>\n<\/ul>","protected":false},"featured_media":819,"comment_status":"closed","ping_status":"open","template":"","meta":{"_acf_changed":false},"product_brand":[],"product_cat":[142,505,143],"product_tag":[145],"class_list":{"0":"post-2118","1":"product","2":"type-product","3":"status-publish","4":"has-post-thumbnail","6":"product_cat-bicycle-parking-system","7":"product_cat-bike-rack-economy-r20","8":"product_cat-bike-racks","9":"product_tag-bike-rack","10":"pa_color-silver","11":"pa_configuration-two-sided","12":"pa_depth-48-mm","13":"pa_ean-gtin-513","14":"pa_height-1150-mm","15":"pa_length-2000-mm","16":"pa_material-steel","17":"pa_mounting-type-set-in-concrete","18":"pa_parking-spaces-2-bikes","19":"pa_rr-item-number-rr103270","20":"pa_surface-hot-dip-galvanised","21":"pa_weight-1506-kg","23":"first","24":"instock","25":"product-type-simple"},"acf":[],"_links":{"self":[{"href":"https:\/\/rr-solutions.se\/sv\/wp-json\/wp\/v2\/product\/2118","targetHints":{"allow":["GET"]}}],"collection":[{"href":"https:\/\/rr-solutions.se\/sv\/wp-json\/wp\/v2\/product"}],"about":[{"href":"https:\/\/rr-solutions.se\/sv\/wp-json\/wp\/v2\/types\/product"}],"replies":[{"embeddable":true,"href":"https:\/\/rr-solutions.se\/sv\/wp-json\/wp\/v2\/comments?post=2118"}],"wp:featuredmedia":[{"embeddable":true,"href":"https:\/\/rr-solutions.se\/sv\/wp-json\/wp\/v2\/media\/819"}],"wp:attachment":[{"href":"https:\/\/rr-solutions.se\/sv\/wp-json\/wp\/v2\/media?parent=2118"}],"wp:term":[{"taxonomy":"product_brand","embeddable":true,"href":"https:\/\/rr-solutions.se\/sv\/wp-json\/wp\/v2\/product_brand?post=2118"},{"taxonomy":"product_cat","embeddable":true,"href":"https:\/\/rr-solutions.se\/sv\/wp-json\/wp\/v2\/product_cat?post=2118"},{"taxonomy":"product_tag","embeddable":true,"href":"https:\/\/rr-solutions.se\/sv\/wp-json\/wp\/v2\/product_tag?post=2118"}],"curies":[{"name":"wp","href":"https:\/\/api.w.org\/{rel}","templated":true}]}}