{"id":2158,"date":"2026-04-03T16:09:49","date_gmt":"2026-04-03T14:09:49","guid":{"rendered":"https:\/\/rr-solutions.se\/product\/bike-hanger-h1-for-4-bikes-2\/"},"modified":"2026-04-03T16:09:54","modified_gmt":"2026-04-03T14:09:54","slug":"cykelhallare-h1-for-4-cyklar","status":"publish","type":"product","link":"https:\/\/rr-solutions.se\/sv\/product\/bike-hanger-h1-for-4-bikes\/","title":{"rendered":"Cykelh\u00e5llare H1 f\u00f6r 4 Cyklar"},"content":{"rendered":"<h2 style=\"color: black;\">Cykelh\u00e5llare H1 f\u00f6r 4 cyklar, v\u00e4ggmonterad<\/h2>\n<p>Cykelh\u00e5llare H1 \u00e4r en p\u00e5litlig och platsbesparande l\u00f6sning f\u00f6r cykelf\u00f6rvaring. Det v\u00e4ggmonterade systemet ger en trygg och s\u00e4ker parkering av cykeln och h\u00e5ller den borta fr\u00e5n marken och ur v\u00e4gen. H\u00e4ngaren \u00e4r tillverkad av kraftigt vinkelst\u00e5l, vilket ger utm\u00e4rkt h\u00e5llbarhet och styrka f\u00f6r att klara vikten av olika cyklar.<\/p>\n<p>Varje cykel h\u00e5lls s\u00e4kert p\u00e5 plats av robusta, gummibelagda upph\u00e4ngningskrokar som skyddar mot repor och skador p\u00e5 f\u00e4lgarna. Den r\u00f6da gummibel\u00e4ggningen p\u00e5 krokarna s\u00e4kerst\u00e4ller att f\u00e4lgarna f\u00f6rvaras s\u00e4kert utan risk f\u00f6r skador. F\u00f6r extra sinnesfrid kan varje cykel l\u00e5sas fast i en integrerad st\u00e5l\u00f6gla, vilket ger en optimerad st\u00f6ldskyddsl\u00f6sning. Denna funktion f\u00f6rb\u00e4ttrar den \u00f6vergripande s\u00e4kerheten f\u00f6r din cykel, s\u00e4rskilt n\u00e4r den f\u00f6rvaras i gemensamma eller offentliga utrymmen.<\/p>\n<p>Systemet \u00e4r utformat f\u00f6r att passa d\u00e4ckbredder p\u00e5 upp till 65 mm, vilket g\u00f6r det m\u00e5ngsidigt f\u00f6r olika cykeltyper. Om du har flera cyklar kan BCykelh\u00e5llare H1 dessutom enkelt f\u00f6rl\u00e4ngas med ett anslutningselement, vilket m\u00f6jligg\u00f6r effektiv parkering av flera cyklar i ett kompakt utrymme. Oavsett om du \u00e4r en vanlig cyklist eller om du har flera cyklar att f\u00f6rvara, ger det h\u00e4r systemet en effektiv och s\u00e4ker l\u00f6sning f\u00f6r cykelf\u00f6rvaring.<\/p>","protected":false},"excerpt":{"rendered":"<ul>\n<li>Robust st\u00e5lvinkelkonstruktion f\u00f6r l\u00e5ngvarig h\u00e5llbarhet<\/li>\n<li>Starka upph\u00e4ngningskrokar med skyddande plastbel\u00e4ggning<\/li>\n<li>Kompatibel med d\u00e4ckbredder upp till 65 mm<\/li>\n<li>St\u00e5l\u00f6glor f\u00f6r optimerat st\u00f6ldskydd<\/li>\n<li>Slitstark, korrosionsskyddad st\u00e5lkonstruktion<\/li>\n<li>F\u00f6rl\u00e4ngningsoption tillg\u00e4nglig f\u00f6r ytterligare cyklar<\/li>\n<\/ul>","protected":false},"featured_media":753,"comment_status":"closed","ping_status":"open","template":"","meta":{"_acf_changed":false},"product_brand":[],"product_cat":[142,634,644],"product_tag":[636],"class_list":{"0":"post-2158","1":"product","2":"type-product","3":"status-publish","4":"has-post-thumbnail","6":"product_cat-bicycle-parking-system","7":"product_cat-bike-hangers","8":"product_cat-wall-mounted-bike-hanger-h1","9":"product_tag-bike-hangers","10":"pa_bicycle-spaces-350-mm","11":"pa_color-silver","12":"pa_configuration-one-sided","13":"pa_depth-350-mm","14":"pa_ean-gtin-650","15":"pa_height-350-mm","16":"pa_length-1170-mm","17":"pa_material-steel","18":"pa_maximum-tyre-width-65-mm","19":"pa_mounting-type-wall-mounting","20":"pa_parking-spaces-4-bikes","21":"pa_rr-item-number-rr101354","22":"pa_surface-hot-dip-galvanised","23":"pa_weight-67-kg","25":"first","26":"instock","27":"product-type-simple"},"acf":[],"_links":{"self":[{"href":"https:\/\/rr-solutions.se\/sv\/wp-json\/wp\/v2\/product\/2158","targetHints":{"allow":["GET"]}}],"collection":[{"href":"https:\/\/rr-solutions.se\/sv\/wp-json\/wp\/v2\/product"}],"about":[{"href":"https:\/\/rr-solutions.se\/sv\/wp-json\/wp\/v2\/types\/product"}],"replies":[{"embeddable":true,"href":"https:\/\/rr-solutions.se\/sv\/wp-json\/wp\/v2\/comments?post=2158"}],"wp:featuredmedia":[{"embeddable":true,"href":"https:\/\/rr-solutions.se\/sv\/wp-json\/wp\/v2\/media\/753"}],"wp:attachment":[{"href":"https:\/\/rr-solutions.se\/sv\/wp-json\/wp\/v2\/media?parent=2158"}],"wp:term":[{"taxonomy":"product_brand","embeddable":true,"href":"https:\/\/rr-solutions.se\/sv\/wp-json\/wp\/v2\/product_brand?post=2158"},{"taxonomy":"product_cat","embeddable":true,"href":"https:\/\/rr-solutions.se\/sv\/wp-json\/wp\/v2\/product_cat?post=2158"},{"taxonomy":"product_tag","embeddable":true,"href":"https:\/\/rr-solutions.se\/sv\/wp-json\/wp\/v2\/product_tag?post=2158"}],"curies":[{"name":"wp","href":"https:\/\/api.w.org\/{rel}","templated":true}]}}