{"id":2163,"date":"2026-04-03T16:09:49","date_gmt":"2026-04-03T14:09:49","guid":{"rendered":"https:\/\/rr-solutions.se\/product\/bike-rack-economy-r60-for-4-bikes-2\/"},"modified":"2026-04-03T16:09:57","modified_gmt":"2026-04-03T14:09:57","slug":"cykelstall-ekonomi-r60-for-4-cyklar","status":"publish","type":"product","link":"https:\/\/rr-solutions.se\/sv\/product\/bike-rack-economy-r60-for-4-bikes\/","title":{"rendered":"Cykelst\u00e4ll Ekonomi  R60 f\u00f6r 4 Cyklar"},"content":{"rendered":"<h2 style=\"color: black;\">Cykelst\u00e4ll R60 \u2013 Praktiskt, robust och m\u00e5ngsidigt cykelst\u00e4llssystem<\/h2>\n<p>R60 \u00e4r ett enkelt och praktiskt cykelst\u00e4ll som g\u00f6r det enkelt och s\u00e4kert att parkera cyklar. Det \u00e4r frist\u00e5ende, vilket inneb\u00e4r att det inte beh\u00f6ver n\u00e5gon betong eller komplicerade fundament. Du kan snabbt s\u00e4tta upp det och b\u00f6rja anv\u00e4nda det direkt. Detta g\u00f6r det perfekt f\u00f6r alla som snabbt beh\u00f6ver skapa flera cykelparkeringsplatser, till exempel vid bost\u00e4der, skolor, kontor eller offentliga platser.<\/p>\n<p>R60 \u00e4r tillverkad av starka runda st\u00e5lr\u00f6r och skyddad med galvanisering, vilket g\u00f6r den t\u00e5lig f\u00f6r utomhusbruk. Den rymmer mellan 2 och 12 cyklar, inklusive st\u00f6rre mountainbikes, utan att det blir tr\u00e5ngt. Designen ger varje cykel tillr\u00e4ckligt med utrymme, s\u00e5 att anv\u00e4ndarna kan parkera och ta bort sina cyklar bekv\u00e4mt. Stativet \u00e4r robust och p\u00e5litligt, vilket g\u00f6r det s\u00e4kert f\u00f6r daglig anv\u00e4ndning.<\/p>\n<p>R60 h\u00e5ller ocks\u00e5 cyklarna s\u00e4kra. Den har inbyggda st\u00e5l\u00f6glor som g\u00f6r att anv\u00e4ndarna kan l\u00e5sa fast sina cyklar p\u00e5 ett s\u00e4kert s\u00e4tt. F\u00f6r extra stabilitet kan valfria markankare l\u00e4ggas till f\u00f6r att f\u00e4sta stativet i fasta ytor. Systemet \u00e4r utformat f\u00f6r att kopplas ihop i rader, s\u00e5 att du enkelt kan ut\u00f6ka det om du beh\u00f6ver fler parkeringsplatser. Med de medf\u00f6ljande skruvarna och enkla instruktionerna \u00e4r R60 redo att anv\u00e4ndas direkt ur f\u00f6rpackningen.<\/p>\n<p>Detta lutande cykelsystem \u00e4r en prisv\u00e4rd, p\u00e5litlig och flexibel l\u00f6sning f\u00f6r att skapa organiserad cykelparkering. Oavsett om du beh\u00f6ver en enda enhet eller en l\u00e5ng rad med st\u00e4llningar g\u00f6r R60 det enkelt att erbjuda s\u00e4ker och bekv\u00e4m parkering f\u00f6r alla.<\/p>","protected":false},"excerpt":{"rendered":"<ul>\n<li>Rymmer 2 cyklar p\u00e5 ett s\u00e4kert s\u00e4tt<\/li>\n<li>Kraftig konstruktion i galvaniserat st\u00e5l<\/li>\n<li>Starka 48 mm r\u00f6r i galvaniserat st\u00e5l<\/li>\n<li>Integrerade st\u00e5l\u00f6glor f\u00f6r s\u00e4ker l\u00e5sning<\/li>\n<li>Kan kopplas ihop i rader<\/li>\n<li>Frist\u00e5ende r\u00f6rkonstruktion i st\u00e5l<\/li>\n<\/ul>","protected":false},"featured_media":907,"comment_status":"closed","ping_status":"open","template":"","meta":{"_acf_changed":false},"product_brand":[],"product_cat":[142,670,143],"product_tag":[145],"class_list":{"0":"post-2163","1":"product","2":"type-product","3":"status-publish","4":"has-post-thumbnail","6":"product_cat-bicycle-parking-system","7":"product_cat-bike-rack-economy-r60","8":"product_cat-bike-racks","9":"product_tag-bike-rack","10":"pa_bicycle-spaces-850-mm","11":"pa_color-silver","12":"pa_configuration-two-sided","13":"pa_depth-350-mm","14":"pa_ean-gtin-672","15":"pa_height-850-mm","16":"pa_length-1700-mm","17":"pa_material-steel","18":"pa_mounting-type-floor-mounting","19":"pa_parking-spaces-4-bikes","20":"pa_rr-item-number-rr103399","21":"pa_surface-hot-dip-galvanised","22":"pa_weight-232-kg","24":"first","25":"instock","26":"product-type-simple"},"acf":[],"_links":{"self":[{"href":"https:\/\/rr-solutions.se\/sv\/wp-json\/wp\/v2\/product\/2163","targetHints":{"allow":["GET"]}}],"collection":[{"href":"https:\/\/rr-solutions.se\/sv\/wp-json\/wp\/v2\/product"}],"about":[{"href":"https:\/\/rr-solutions.se\/sv\/wp-json\/wp\/v2\/types\/product"}],"replies":[{"embeddable":true,"href":"https:\/\/rr-solutions.se\/sv\/wp-json\/wp\/v2\/comments?post=2163"}],"wp:featuredmedia":[{"embeddable":true,"href":"https:\/\/rr-solutions.se\/sv\/wp-json\/wp\/v2\/media\/907"}],"wp:attachment":[{"href":"https:\/\/rr-solutions.se\/sv\/wp-json\/wp\/v2\/media?parent=2163"}],"wp:term":[{"taxonomy":"product_brand","embeddable":true,"href":"https:\/\/rr-solutions.se\/sv\/wp-json\/wp\/v2\/product_brand?post=2163"},{"taxonomy":"product_cat","embeddable":true,"href":"https:\/\/rr-solutions.se\/sv\/wp-json\/wp\/v2\/product_cat?post=2163"},{"taxonomy":"product_tag","embeddable":true,"href":"https:\/\/rr-solutions.se\/sv\/wp-json\/wp\/v2\/product_tag?post=2163"}],"curies":[{"name":"wp","href":"https:\/\/api.w.org\/{rel}","templated":true}]}}