{"id":2281,"date":"2025-12-15T12:12:36","date_gmt":"2025-12-15T11:12:36","guid":{"rendered":"https:\/\/rr-solutions.se\/product\/shelter-rx10-with-perfabricated-foundation-decor-glass\/"},"modified":"2025-12-15T12:26:30","modified_gmt":"2025-12-15T11:26:30","slug":"vaderskydd-rx10-med-prefabricerat-betongfundament-dekorglas","status":"publish","type":"product","link":"https:\/\/rr-solutions.se\/sv\/product\/shelter-rx10-with-perfabricated-foundation-decor-glass\/","title":{"rendered":"V\u00e4derskydd RX10 med Prefabricerat Betongfundament &amp; Dekorglas"},"content":{"rendered":"<p><b>V\u00e4derskydd RX6 \u2013 Den ultimata utomhuskabinen som sparar plats<\/b><\/p>\n<p>V\u00e4derskyddet RX \u00e4r en h\u00f6gkvalitativ utomhuskabin utformad f\u00f6r maximal utrymmeseffektivitet samtidigt som den garanterar komfort och funktionalitet. Dess kompakta djup g\u00f6r den idealisk f\u00f6r installation l\u00e4ngs fabriksv\u00e4gar, smala g\u00e5ngv\u00e4gar och andra omr\u00e5den d\u00e4r utrymmet \u00e4r begr\u00e4nsat. Trots sin eleganta och utrymmesbesparande design erbjuder RX-serien gener\u00f6s kapacitet och rymmer bekv\u00e4mt 6, 10, 12 eller 15 personer. Den v\u00e4lstrukturerade layouten ger en optimal milj\u00f6 f\u00f6r olika anv\u00e4ndningsomr\u00e5den, vilket g\u00f6r den till en m\u00e5ngsidig l\u00f6sning f\u00f6r arbetsplatser, kommersiella utrymmen och offentliga omr\u00e5den.<\/p>\n<p>V\u00e4derskyddet RX \u00e4r byggt med anv\u00e4ndarv\u00e4nlighet i \u00e5tanke och levereras med genomt\u00e4nkta tillbeh\u00f6r, inklusive en lutande b\u00e4nk, v\u00e4ggmonterade armaturer och h\u00e5llbara bordsskivor. Det finns \u00e4ven m\u00f6jlighet att v\u00e4lja gr\u00f6nt tak som tillval, vilket st\u00f6der ekologiska initiativ s\u00e5som renaturering och skapande av mikrohabitat f\u00f6r insekter. Denna funktion g\u00f6r det till ett utm\u00e4rkt val f\u00f6r f\u00f6retag och organisationer som vill kombinera funktionalitet med milj\u00f6ansvar.<\/p>\n<p>En av de viktigaste f\u00f6rdelarna med V\u00e4derskydd RX \u00e4r den snabba och kostnadseffektiva installationen. Kabinen levereras helt monterad med ett prefabricerat betongfundament, vilket eliminerar behovet av komplexa och v\u00e4derberoende byggarbeten p\u00e5 plats. Detta minskar arbetskostnaderna och minimerar driftstopp, vilket m\u00f6jligg\u00f6r en problemfri installation. Dessutom g\u00f6r RX:s h\u00f6ga r\u00f6rlighet att den enkelt kan flyttas vid behov, vilket g\u00f6r den till ett flexibelt alternativ f\u00f6r dynamiska milj\u00f6er. F\u00f6r sv\u00e5r\u00e5tkomliga platser kan kabinen \u00e4ven levereras som ett monteringskit f\u00f6r montering p\u00e5 plats, vilket s\u00e4kerst\u00e4ller tillg\u00e4nglighet och anpassningsbarhet i alla milj\u00f6er.<\/p>\n<p>H\u00e5llbarhet \u00e4r ett utm\u00e4rkande drag hos V\u00e4derskydd RX. Aluminiumkonstruktionen \u00e4r belagd med en Seaside-pulverlack i DB703 som skyddar mot graffiti, vilket ger exceptionell motst\u00e5ndskraft mot korrosion, v\u00e4derf\u00f6rh\u00e5llanden och yttre skador. Konstruktionen med dubbelt tak f\u00f6rhindrar \u00f6verdriven v\u00e4rmeuppbyggnad under sommaren, vilket skapar en behaglig milj\u00f6 f\u00f6r anv\u00e4ndarna under alla \u00e5rstider. Dessutom s\u00e4kerst\u00e4ller ett integrerat r\u00e4nnsystem effektiv vattenavledning, vilket h\u00e5ller omr\u00e5det rent och v\u00e4lsk\u00f6tt.<\/p>\n<p>H\u00e5llbarhet \u00e4r k\u00e4rnan i V\u00e4derskydd RX:s design. Tillverkad av 80 % \u00e5tervunnet aluminium st\u00f6der denna konstruktion milj\u00f6v\u00e4nliga metoder samtidigt som h\u00e5llbarhet och styrka bibeh\u00e5lls. F\u00f6retag och organisationer kan ocks\u00e5 v\u00e4lja solpaneler som en extra funktion, vilket fr\u00e4mjar anv\u00e4ndningen av f\u00f6rnybar energi. Dessa milj\u00f6medvetna designelement g\u00f6r RX till en framtidss\u00e4ker investering f\u00f6r dem som vill skapa h\u00e5llbara och funktionella utomhusutrymmen.<\/p>\n<p>Med snabb leverans, minimala installationskrav och l\u00e5ng livsl\u00e4ngd \u00e4r V\u00e4derskydd RX den perfekta l\u00f6sningen f\u00f6r att skapa ett t\u00e4ckt, bekv\u00e4mt och anpassningsbart utomhusutrymme. Oavsett om den anv\u00e4nds som rastplats, v\u00e4ntkiosk eller m\u00f6tesplats, g\u00f6r kombinationen av utrymmeseffektivitet, r\u00f6rlighet och milj\u00f6v\u00e4nliga funktioner den till ett v\u00e4rdefullt tillskott i alla milj\u00f6er.<\/p>","protected":false},"excerpt":{"rendered":"<ul>\n<li>F\u00e4rdigmonerat v\u00e4derskydd i aluminium<\/li>\n<li>Integrerat takr\u00e4nnssystem f\u00f6r dr\u00e4nering<\/li>\n<li>8mm h\u00e4rdat s\u00e4kerhetsglas<\/li>\n<li>Standardinstallation ovanf\u00f6r det f\u00e4rdiga golvet (OKF)<\/li>\n<li>Takpaneler med \u00f6ver- och underpl\u00e5t i RAL 9010, inklusive takfotsbekl\u00e4dnad<\/li>\n<li>Tillverkad enligt CE-standarder i enlighet med DIN EN 1090-f\u00f6reskrifter<\/li>\n<\/ul>","protected":false},"featured_media":1207,"comment_status":"closed","ping_status":"closed","template":"","meta":{"_acf_changed":false},"product_brand":[],"product_cat":[881,1044,835,779,834],"product_tag":[836,839,840,849,838],"class_list":{"0":"post-2281","1":"product","2":"type-product","3":"status-publish","4":"has-post-thumbnail","6":"product_cat-bus-shelter","7":"product_cat-model-rx-bus-shelter","8":"product_cat-model-rx","9":"product_cat-shelter-system","10":"product_cat-smoking-shelter","11":"product_tag-aluminum-shelter","12":"product_tag-green-roofing-shelter","13":"product_tag-mobile-smoking-shelter","14":"product_tag-shelter-rx10","15":"product_tag-smoking-shelter","16":"pa_back-wall-type-toughened-safety-glass","17":"pa_capacity-10-persons","18":"pa_construction-fully-assembled","19":"pa_depth-1620-mm","20":"pa_drainage-via-spouts","21":"pa_ean-gtin-851","22":"pa_foundation-dimension-4200-x-1500-x-120-mm","23":"pa_height-2280-mm","24":"pa_mounting-type-floor-mounting","25":"pa_product-type-shelter-rx","26":"pa_profile-color-db-703-dark-grey","27":"pa_profiles-material-aluminum","28":"pa_roof-color-ral-9010-white","29":"pa_roof-cover-sheet-metal","30":"pa_roof-rim-aluminum","31":"pa_roof-style-flat-roof","32":"pa_rr-item-number-rr103084","33":"pa_side-wall-type-toughened-safety-glass","34":"pa_wall-thickness-8-mm","35":"pa_weight-3500-kg","36":"pa_width-3990-mm","38":"first","39":"instock","40":"product-type-simple"},"acf":[],"_links":{"self":[{"href":"https:\/\/rr-solutions.se\/sv\/wp-json\/wp\/v2\/product\/2281","targetHints":{"allow":["GET"]}}],"collection":[{"href":"https:\/\/rr-solutions.se\/sv\/wp-json\/wp\/v2\/product"}],"about":[{"href":"https:\/\/rr-solutions.se\/sv\/wp-json\/wp\/v2\/types\/product"}],"replies":[{"embeddable":true,"href":"https:\/\/rr-solutions.se\/sv\/wp-json\/wp\/v2\/comments?post=2281"}],"wp:featuredmedia":[{"embeddable":true,"href":"https:\/\/rr-solutions.se\/sv\/wp-json\/wp\/v2\/media\/1207"}],"wp:attachment":[{"href":"https:\/\/rr-solutions.se\/sv\/wp-json\/wp\/v2\/media?parent=2281"}],"wp:term":[{"taxonomy":"product_brand","embeddable":true,"href":"https:\/\/rr-solutions.se\/sv\/wp-json\/wp\/v2\/product_brand?post=2281"},{"taxonomy":"product_cat","embeddable":true,"href":"https:\/\/rr-solutions.se\/sv\/wp-json\/wp\/v2\/product_cat?post=2281"},{"taxonomy":"product_tag","embeddable":true,"href":"https:\/\/rr-solutions.se\/sv\/wp-json\/wp\/v2\/product_tag?post=2281"}],"curies":[{"name":"wp","href":"https:\/\/api.w.org\/{rel}","templated":true}]}}