{"id":2327,"date":"2025-12-15T12:13:11","date_gmt":"2025-12-15T11:13:11","guid":{"rendered":"https:\/\/rr-solutions.se\/product\/shelter-rp4-4x-back-walls-4x-side-walls-2x-front-walls-fully-assembled-3\/"},"modified":"2026-03-25T11:32:51","modified_gmt":"2026-03-25T10:32:51","slug":"vaderskydd-rp4-4-bakvaggar-4-sidovaggar-2-framvaggar-helt-monterad-2","status":"publish","type":"product","link":"https:\/\/rr-solutions.se\/sv\/product\/shelter-rp4-4x-back-walls-4x-side-walls-2x-front-walls-fully-assembled-2\/","title":{"rendered":"V\u00e4derskydd RP4, 4 Bakv\u00e4ggar, 4 Sidov\u00e4ggar, 2 Framv\u00e4ggar, Helt monterad"},"content":{"rendered":"<h3 style=\"color: black;\">V\u00e4derskydd RP \u2013 Modul\u00e4rt utomhusskydd med flexibla leveransalternativ<\/h3>\n<p>V\u00e4derskydd RP \u00e4r ett modul\u00e4rt utomhusskydd som \u00e4r utformat f\u00f6r att ge p\u00e5litligt skydd och komfort i en rad olika milj\u00f6er. Det finns i tre storlekar f\u00f6r 5, 7 eller 10 personer och \u00e4r en idealisk l\u00f6sning f\u00f6r utrymmen d\u00e4r det beh\u00f6vs b\u00e5de st\u00e5- och sittplatser. V\u00e4derskydd RP anv\u00e4nds ofta i anslutning till matsalar, pausrum och gemensamma utrymmen och \u00e4r en av v\u00e5ra mest popul\u00e4ra modeller.<\/p>\n<p>V\u00e4derskydd RP \u00e4r byggt med en robust st\u00e5lram och har ett varmf\u00f6rzinkat, v\u00e4derbest\u00e4ndigt plant tak tillverkat av st\u00e5lpl\u00e5t. Konstruktionen \u00e4r helt galvaniserad f\u00f6r l\u00e5ngvarig korrosionsbest\u00e4ndighet och ytbehandlad med en slitstark pulverlackering f\u00f6r att t\u00e5la tuffa v\u00e4derf\u00f6rh\u00e5llanden och minska underh\u00e5llsbehovet.<\/p>\n<p>Den modul\u00e4ra konstruktionen m\u00f6jligg\u00f6r flexibel konfiguration av sidov\u00e4ggar och ing\u00e5ngstyper, inklusive helt \u00f6ppna eller \u00f6ppningar p\u00e5 tv\u00e5 sidor f\u00f6r att f\u00f6rb\u00e4ttra tillg\u00e4ngligheten. Standardutf\u00f6randet inkluderar v\u00e4ggar av ESG (h\u00e4rdat s\u00e4kerhetsglas) p\u00e5 tre sidor, med en valfri frontv\u00e4gg f\u00f6r extra v\u00e4derskydd. Frontv\u00e4ggen kan placeras till v\u00e4nster, h\u00f6ger eller i mitten, beroende p\u00e5 platsens behov.<\/p>\n<p>Taket \u00e4r konstruerat med en lutning p\u00e5 150 mm f\u00f6r effektiv avledning av regnvatten, med avloppsr\u00f6r i h\u00f6rnen som leder vattnet till ett utlopp ca 120 mm \u00f6ver marken p\u00e5 baksidan. V\u00e4derskyddet f\u00e4sts med fyra robusta f\u00f6rankringspunkter i ett f\u00f6rberett fundament.<\/p>\n<p><strong> Tre leveransalternativ som passar alla installationsbehov:<\/strong><\/p>\n<ul>\n<li><b>Som monteringskit f\u00f6r sj\u00e4lvmontering<\/b><br \/>\n: Levereras som enskilda komponenter f\u00f6r enkel transport och montering p\u00e5 plats. Perfekt f\u00f6r sv\u00e5r\u00e5tkomliga platser eller kostnadsmedvetna projekt. Bultf\u00f6rband m\u00f6jligg\u00f6r flexibel installation. <em>hard-to-reach locations<\/em> or cost-sensitive projects. Bolted connections allow flexible installation.<\/li>\n<li><b>F\u00e4rdigmonterad (halvsvetsad ram)<\/b><br \/>\n: Levereras delvis f\u00f6rmonterad med en halvsvetsad huvudram f\u00f6r att minska arbetsinsatsen p\u00e5 plats samtidigt som den \u00e4r l\u00e4tt att transportera. Perfekt f\u00f6r snabb installation med begr\u00e4nsad monteringsinsats.<\/li>\n<li><b>Helt monterad inkl. fundamentplatta (halvsvetsad ram)<\/b><br \/>\n: Levereras som en f\u00e4rdig enhet monterad p\u00e5 en prefabricerad fundamentplatta med en halvsvetsad ram. Placera och f\u00f6rankra helt enkelt. Perfekt f\u00f6r snabb installation, s\u00e4rskilt vid tillf\u00e4lliga eller mobila anv\u00e4ndningsfall.<\/li>\n<\/ul>\n<p>Med sin h\u00e5llbara, v\u00e4derbest\u00e4ndiga konstruktion och modul\u00e4ra, mobila design \u00e4r V\u00e4derskydd RP en flexibel och l\u00e5ngvarig l\u00f6sning f\u00f6r r\u00f6kplatser, bussh\u00e5llplatser, cykelskydd och olika andra utomhusapplikationer.<\/p>","protected":false},"excerpt":{"rendered":"<ul>\n<li>Levereras f\u00e4rdigmonerad med halvsvetsad st\u00e5lram<\/li>\n<li>Fyrkantig st\u00f6dkonstruktion<\/li>\n<li>Sido- och bakv\u00e4ggar kan utformas i glas<\/li>\n<li>Integrerat takr\u00e4nnssystem f\u00f6r dr\u00e4nering<\/li>\n<li>8mm h\u00e4rdat s\u00e4kerhetsglas<\/li>\n<li>Tak med rundade kanter f\u00f6r att leda bort vatten<\/li>\n<\/ul>","protected":false},"featured_media":1287,"comment_status":"closed","ping_status":"closed","template":"","meta":{"_acf_changed":false},"product_brand":[],"product_cat":[881,780,1050,924,1049,779,834],"product_tag":[947],"class_list":{"0":"post-2327","1":"product","2":"type-product","3":"status-publish","4":"has-post-thumbnail","6":"product_cat-bus-shelter","7":"product_cat-cycle-shelter","8":"product_cat-model-rp-cycle-shelter","9":"product_cat-model-rp","10":"product_cat-model-rp-smoking-shelter","11":"product_cat-shelter-system","12":"product_cat-smoking-shelter","13":"product_tag-shelter-rp4","14":"pa_back-wall-type-toughened-safety-glass","15":"pa_capacity-10-persons","16":"pa_clear-height-2360-mm","17":"pa_construction-fully-assembled","18":"pa_depth-2165-mm","19":"pa_drainage-via-spouts","20":"pa_ean-gtin-981","21":"pa_height-2510-mm","22":"pa_max-snow-load-191-kn-qm","23":"pa_mounting-type-floor-mounting","24":"pa_product-type-shelter-rp","25":"pa_profile-color-ral-7016-anthracite-grey","26":"pa_profiles-material-steel","27":"pa_roof-color-ral-9002-grey-white","28":"pa_roof-cover-sheet-metal","29":"pa_roof-style-flat-roof","30":"pa_rr-item-number-rr103356","31":"pa_side-wall-type-toughened-safety-glass","32":"pa_surface-finish-galvanised-powder-coated","33":"pa_width-4195-mm","35":"first","36":"instock","37":"product-type-simple"},"acf":[],"_links":{"self":[{"href":"https:\/\/rr-solutions.se\/sv\/wp-json\/wp\/v2\/product\/2327","targetHints":{"allow":["GET"]}}],"collection":[{"href":"https:\/\/rr-solutions.se\/sv\/wp-json\/wp\/v2\/product"}],"about":[{"href":"https:\/\/rr-solutions.se\/sv\/wp-json\/wp\/v2\/types\/product"}],"replies":[{"embeddable":true,"href":"https:\/\/rr-solutions.se\/sv\/wp-json\/wp\/v2\/comments?post=2327"}],"wp:featuredmedia":[{"embeddable":true,"href":"https:\/\/rr-solutions.se\/sv\/wp-json\/wp\/v2\/media\/1287"}],"wp:attachment":[{"href":"https:\/\/rr-solutions.se\/sv\/wp-json\/wp\/v2\/media?parent=2327"}],"wp:term":[{"taxonomy":"product_brand","embeddable":true,"href":"https:\/\/rr-solutions.se\/sv\/wp-json\/wp\/v2\/product_brand?post=2327"},{"taxonomy":"product_cat","embeddable":true,"href":"https:\/\/rr-solutions.se\/sv\/wp-json\/wp\/v2\/product_cat?post=2327"},{"taxonomy":"product_tag","embeddable":true,"href":"https:\/\/rr-solutions.se\/sv\/wp-json\/wp\/v2\/product_tag?post=2327"}],"curies":[{"name":"wp","href":"https:\/\/api.w.org\/{rel}","templated":true}]}}