{"id":2347,"date":"2025-12-15T12:13:25","date_gmt":"2025-12-15T11:13:25","guid":{"rendered":"https:\/\/rr-solutions.se\/product\/shelter-rc4-one-sided\/"},"modified":"2025-12-15T12:30:36","modified_gmt":"2025-12-15T11:30:36","slug":"vaderskydd-rc4-ensidig","status":"publish","type":"product","link":"https:\/\/rr-solutions.se\/sv\/product\/shelter-rc4-one-sided\/","title":{"rendered":"V\u00e4derskydd RC4 \u2013 Ensidig"},"content":{"rendered":"<p>V\u00e4derskyddet RC \u00e4r ett modernt v\u00e4derskydd med pulpettak. Det kan st\u00e4llas upp i rad och byggas ut efter behov, med alternativ f\u00f6r enkel- eller dubbelsidig anv\u00e4ndning. V\u00e4derskyddet \u00e4r tillverkat av robust st\u00e5l och har en stilren design som passar v\u00e4l in i stadsmilj\u00f6er och vid moderna byggnader. Du kan anpassa det med sidov\u00e4ggar av klart glas, insynsskydd eller tr\u00e4. Taket kan vara av glas eller l\u00e4mnas \u00f6ppet, och det \u00e4r f\u00f6rsett med ett avloppssystem f\u00f6r regnvatten. V\u00e4derskyddet RC \u00e4r ytbehandlat i slitstarkt RAL 7016 antracitgr\u00e5tt och \u00e4r b\u00e5de praktiskt och snyggt. Det \u00e4r \u00e4ven utformat f\u00f6r hjuljustering enligt rekommendation fr\u00e5n den tyska cykelklubben (ADFC) och passar perfekt \u00e4ven f\u00f6r cykelparkering i tv\u00e5 v\u00e5ningar.<\/p>\n<p><b>Montering:<\/b><\/p>\n<p>V\u00e4derskyddet levereras som ett byggsats f\u00f6r enkel montering p\u00e5 plats. Det kan installeras p\u00e5 en plan yta, p\u00e5 bandfundament eller p\u00e5 punktfundament. Basen f\u00f6rankras i ett fundament som byggs p\u00e5 plats med 4 slagankare per bottenplatta.<\/p>\n<p><b>Huvudtak:<\/b><\/p>\n<ul>\n<li>Taket har en lutning p\u00e5 8,75 % eller 5\u00b0.<\/li>\n<li>Takbel\u00e4ggningen best\u00e5r av 12 mm klart laminerat s\u00e4kerhetsglas (VSG) eller, som tillval, trapezformade pl\u00e5tpaneler.<\/li>\n<li>Taket st\u00f6ds av taksparrar med 750 mm mellanrum, och takbel\u00e4ggningen f\u00e4sts s\u00e4kert med skruvar och t\u00e4cklister som inkluderar t\u00e4tningar.<\/li>\n<\/ul>\n<p><b>St\u00f6dkonstruktion i st\u00e5l:<\/b><\/p>\n<ul>\n<li>H\u00f6rn- och mittstolparna \u00e4r tillverkade av 80 mm x 80 mm fyrkantr\u00f6r med bottenplattor f\u00f6r fasts\u00e4ttning.<\/li>\n<li>Undertakskonstruktionen anv\u00e4nder 70 mm x 70 mm fyrkantr\u00f6r.<\/li>\n<li>Vattnet rinner av genom den bakre tv\u00e4rbalken, med utlopp placerade cirka 190 mm \u00f6ver marken.<\/li>\n<li>En vattenavledare (avlopp) finns p\u00e5 den bakre h\u00f6gra stolpen. F\u00f6r takytor st\u00f6rre \u00e4n 10 m\u00b2 l\u00e4ggs en extra vattenavledare till p\u00e5 den bakre v\u00e4nstra sidan.<\/li>\n<\/ul>\n<p><b>V\u00e4ggar:<\/b><\/p>\n<ul>\n<li>V\u00e4derskyddet \u00e4r som standard \u00f6ppet, utan bak- eller sidov\u00e4ggar.<\/li>\n<li>Tillval f\u00f6r sidopaneler inkluderar 8 mm klart h\u00e4rdat s\u00e4kerhetsglas (ESG), insynsskydd eller tr\u00e4panel, samt perforerad pl\u00e5t eller aluminiumkassetter.<\/li>\n<\/ul>\n<p><b>Skydd:<\/b><\/p>\n<ul>\n<li>Varmf\u00f6rzinkad och pulverlackerad i RAL 7016 antracitgr\u00e5 (standard). Andra RAL- eller DB-f\u00e4rger finns som tillval.<\/li>\n<li>Sn\u00f6belastningskapaciteten \u00e4r 0,85 kN\/m\u00b2<\/li>\n<\/ul>","protected":false},"excerpt":{"rendered":"<ul>\n<li>Ensidig konstruktion<\/li>\n<li>St\u00e5lkonstruktion med snedst\u00e4llda st\u00f6dben<\/li>\n<li>Taksektioner placerade i ett rutn\u00e4t<\/li>\n<li>Anpassningsbara sidov\u00e4ggar<\/li>\n<li>Kan byggas ut i radsystem<\/li>\n<\/ul>","protected":false},"featured_media":1292,"comment_status":"closed","ping_status":"closed","template":"","meta":{"_acf_changed":false},"product_brand":[],"product_cat":[881,780,1047,1048,1015,779,834],"product_tag":[1024],"class_list":{"0":"post-2347","1":"product","2":"type-product","3":"status-publish","4":"has-post-thumbnail","6":"product_cat-bus-shelter","7":"product_cat-cycle-shelter","8":"product_cat-model-rc-bus-shelter","9":"product_cat-model-rc-smoking-shelter","10":"product_cat-model-rc","11":"product_cat-shelter-system","12":"product_cat-smoking-shelter","13":"product_tag-shelter-rc4","14":"pa_clear-height-2750mm","15":"pa_column-grid-1500-mm","16":"pa_configuration-one-sided","17":"pa_construction-assembly-kit","18":"pa_depth-2301-mm","19":"pa_drainage-via-spouts","20":"pa_ean-gtin-1022","21":"pa_height-2486-mm","22":"pa_material-steel","23":"pa_max-snow-load-085-kn-qm","24":"pa_mounting-type-floor-mounting","25":"pa_product-type-shelter-rc","26":"pa_profile-color-ral-7016-anthracite-grey","27":"pa_profiles-material-steel","28":"pa_roof-color-ral-7016-anthracite-grey","29":"pa_roof-cover-laminated-safety-glass","30":"pa_roof-grid-750-mm","31":"pa_roof-style-pent-roof","32":"pa_rr-item-number-rr103239","33":"pa_side-wall-type-toughened-safety-glass","34":"pa_surface-finish-galvanised-powder-coated","35":"pa_width-6280-mm","37":"first","38":"instock","39":"product-type-simple"},"acf":[],"_links":{"self":[{"href":"https:\/\/rr-solutions.se\/sv\/wp-json\/wp\/v2\/product\/2347","targetHints":{"allow":["GET"]}}],"collection":[{"href":"https:\/\/rr-solutions.se\/sv\/wp-json\/wp\/v2\/product"}],"about":[{"href":"https:\/\/rr-solutions.se\/sv\/wp-json\/wp\/v2\/types\/product"}],"replies":[{"embeddable":true,"href":"https:\/\/rr-solutions.se\/sv\/wp-json\/wp\/v2\/comments?post=2347"}],"wp:featuredmedia":[{"embeddable":true,"href":"https:\/\/rr-solutions.se\/sv\/wp-json\/wp\/v2\/media\/1292"}],"wp:attachment":[{"href":"https:\/\/rr-solutions.se\/sv\/wp-json\/wp\/v2\/media?parent=2347"}],"wp:term":[{"taxonomy":"product_brand","embeddable":true,"href":"https:\/\/rr-solutions.se\/sv\/wp-json\/wp\/v2\/product_brand?post=2347"},{"taxonomy":"product_cat","embeddable":true,"href":"https:\/\/rr-solutions.se\/sv\/wp-json\/wp\/v2\/product_cat?post=2347"},{"taxonomy":"product_tag","embeddable":true,"href":"https:\/\/rr-solutions.se\/sv\/wp-json\/wp\/v2\/product_tag?post=2347"}],"curies":[{"name":"wp","href":"https:\/\/api.w.org\/{rel}","templated":true}]}}