{"id":2360,"date":"2025-12-15T13:43:37","date_gmt":"2025-12-15T12:43:37","guid":{"rendered":"https:\/\/rr-solutions.se\/product\/bike-pump-sv1\/"},"modified":"2026-01-08T12:36:27","modified_gmt":"2026-01-08T11:36:27","slug":"cykelpump-sv1","status":"publish","type":"product","link":"https:\/\/rr-solutions.se\/sv\/product\/bike-pump-sv1\/","title":{"rendered":"Cykelpump SV1"},"content":{"rendered":"<p>Cykelpumpen SV1 \u00e4r anpassad f\u00f6r anv\u00e4ndning i offentliga milj\u00f6er. F\u00f6rdelen med denna modell \u00e4r dess kompakta storlek, vilket g\u00f6r att den kan monteras n\u00e4stan var som helst. Konstruktionen p\u00e5 denna modell g\u00f6r att cykeln inte kan h\u00e4ngas i handtaget.<\/p>\n<p>Enhetens h\u00f6lje \u00e4r tillverkat av profiler i galvaniserat eller rostfritt st\u00e5l (AISI 304) med pulverlackering eller termoplastbel\u00e4ggning. Enheten monteras p\u00e5 marken eller p\u00e5 v\u00e4ggen med hj\u00e4lp av f\u00f6rankringspluggar. Enhetens pl\u00e5tdelar \u00e4r f\u00e4sta med st\u00f6ldskyddade skruvar.<\/p>\n<p>Denna modell av stationen kan utrustas med en flyttbar installationsplatta \u2013 varmf\u00f6rzinkad. Denna l\u00f6sning g\u00f6r det m\u00f6jligt att st\u00e4lla ut stationen under \u00f6ppettiderna, t.ex. p\u00e5 restauranger, cykelservicest\u00e4llen eller turistbyr\u00e5er. Du beh\u00f6ver inte montera stationen permanent i marken, utan kan ist\u00e4llet placera den p\u00e5 den flyttbara plattan och f\u00e4sta den vid ett befintligt stabilt underlag med ett st\u00e5lrep och ett h\u00e4ngl\u00e5s.<\/p>\n<p><b>Produktfunktioner och komponenter<\/b><\/p>\n<ul>\n<li>H\u00f6lje tillverkat av galvaniserat eller rostfritt st\u00e5l (AISI 304)<\/li>\n<li>Pulver- eller termoplastbel\u00e4ggning<\/li>\n<li>Upp till 2500 cm2 reklamyta<\/li>\n<li>Stort cykelst\u00e4ll f\u00f6r sidost\u00e4llning eller bakst\u00e4llning \u2013 pulverlackerat<\/li>\n<li>Liten sido- eller ryggst\u00f6d f\u00f6r cykel \u2013 rostfritt st\u00e5l (AISI 304<\/li>\n<li>St\u00f6ldskyddade muttrar i rostfritt st\u00e5l (AISI 304) med specialnyckel f\u00f6r montering av basen<\/li>\n<li>Monteringsplatta f\u00f6r mobil installation \u2013 varmf\u00f6rzinkad<\/li>\n<li>Station\u00e4r handpump med kolv (fi 14) och handtag (fi 32) tillverkade av rostfritt st\u00e5l (AISI 304) \u2013 tryckomr\u00e5de 0\u201310 bar + glycerinmanometer (Antifog) + (PA6) pumpkolv med aluminiumt\u00e4tning<\/li>\n<li>Pumpadapter AISIPRO HEAD\u2122 i anodiserat aluminium med tv\u00e5 kamrar och inre delar av rostfritt st\u00e5l av industriell kvalitet (AISI 304), avsedd f\u00f6r alla typer av cykelventiler (Presta, Schrader och Dunlop)<\/li>\n<\/ul>","protected":false},"excerpt":{"rendered":"<ul>\n<li>M\u00e5tt: 71 x 20 x 20 cm<\/li>\n<li>Vikt: 9-13 kg<\/li>\n<li>Upp till 2500 cm2 reklamyta<\/li>\n<li>Till\u00e5ter inte att cykeln h\u00e4ngs i greppet<\/li>\n<\/ul>","protected":false},"featured_media":986,"comment_status":"closed","ping_status":"closed","template":"","meta":{"_acf_changed":false},"product_brand":[],"product_cat":[142,1062,1079],"product_tag":[1080],"class_list":{"0":"post-2360","1":"product","2":"type-product","3":"status-publish","4":"has-post-thumbnail","6":"product_cat-bicycle-parking-system","7":"product_cat-bike-repair-station","8":"product_cat-model-sv1","9":"product_tag-bike-pump","10":"pa_advertising-area-up-to-2500-cm2","11":"pa_color-ral-colors","12":"pa_height-710-mm","13":"pa_length-200-mm","14":"pa_material-finish-steel","15":"pa_mountingtype-floor-or-wall-mounting","16":"pa_product-type-bike-pump","17":"pa_rr-item-number-rr103225","18":"pa_surface-galvanised","19":"pa_weight-9-13-kg","20":"pa_width-200-mm","22":"first","23":"instock","24":"product-type-simple"},"acf":[],"_links":{"self":[{"href":"https:\/\/rr-solutions.se\/sv\/wp-json\/wp\/v2\/product\/2360","targetHints":{"allow":["GET"]}}],"collection":[{"href":"https:\/\/rr-solutions.se\/sv\/wp-json\/wp\/v2\/product"}],"about":[{"href":"https:\/\/rr-solutions.se\/sv\/wp-json\/wp\/v2\/types\/product"}],"replies":[{"embeddable":true,"href":"https:\/\/rr-solutions.se\/sv\/wp-json\/wp\/v2\/comments?post=2360"}],"wp:featuredmedia":[{"embeddable":true,"href":"https:\/\/rr-solutions.se\/sv\/wp-json\/wp\/v2\/media\/986"}],"wp:attachment":[{"href":"https:\/\/rr-solutions.se\/sv\/wp-json\/wp\/v2\/media?parent=2360"}],"wp:term":[{"taxonomy":"product_brand","embeddable":true,"href":"https:\/\/rr-solutions.se\/sv\/wp-json\/wp\/v2\/product_brand?post=2360"},{"taxonomy":"product_cat","embeddable":true,"href":"https:\/\/rr-solutions.se\/sv\/wp-json\/wp\/v2\/product_cat?post=2360"},{"taxonomy":"product_tag","embeddable":true,"href":"https:\/\/rr-solutions.se\/sv\/wp-json\/wp\/v2\/product_tag?post=2360"}],"curies":[{"name":"wp","href":"https:\/\/api.w.org\/{rel}","templated":true}]}}