{"id":2390,"date":"2025-12-15T13:59:23","date_gmt":"2025-12-15T12:59:23","guid":{"rendered":"https:\/\/rr-solutions.se\/product\/wall-mounted-bike-lift-stainless-steel\/"},"modified":"2025-12-15T13:59:25","modified_gmt":"2025-12-15T12:59:25","slug":"vaggmonterad-cykellyft-rostfritt-stal","status":"publish","type":"product","link":"https:\/\/rr-solutions.se\/sv\/product\/wall-mounted-bike-lift-stainless-steel\/","title":{"rendered":"V\u00e4ggmonterad cykellyft \u2013 rostfritt st\u00e5l"},"content":{"rendered":"<p><b>V\u00e4ggmonterad cykellyft \u2013 galvaniserad, RAL-finish\/rostfritt st\u00e5l<\/b><\/p>\n<p>Maximera ditt utrymme och h\u00e5ll en st\u00e4dad milj\u00f6 med denna h\u00f6gkvalitativa v\u00e4ggmonterade cykellyft. Den \u00e4r konstruerad f\u00f6r b\u00e5de inomhus- och utomhusbruk och lyfter din cykel s\u00e4kert fr\u00e5n marken, vilket frig\u00f6r v\u00e4rdefull golvyta och skapar ett mer organiserat utrymme. Denna cykellyft \u00e4r idealisk f\u00f6r hem, garage, skolor eller offentliga anl\u00e4ggningar och erbjuder en enkel, p\u00e5litlig och elegant l\u00f6sning f\u00f6r effektiv cykelf\u00f6rvaring.<\/p>\n<p>Lyften glider smidigt l\u00e4ngs ett robust skensystem, s\u00e5 att du kan h\u00f6ja, s\u00e4nka och flytta din cykel med minimal anstr\u00e4ngning. Den har en sidovikningsfunktion, s\u00e5 att du kan luta cykeln \u00e5t sidan n\u00e4r extra utrymme beh\u00f6vs, vilket g\u00f6r den perfekt f\u00f6r tr\u00e5nga utrymmen eller \u00f6verfulla f\u00f6rvaringsutrymmen. Den h\u00f6jdjusterbara f\u00e4stet passar en m\u00e4ngd olika cykelstorlekar och -typer, vilket garanterar en s\u00e4ker passform f\u00f6r varje cykel.<\/p>\n<p>Systemet \u00e4r konstruerat f\u00f6r ultimat bekv\u00e4mlighet och flexibilitet och g\u00f6r det m\u00f6jligt att l\u00e4gga till ytterligare enheter l\u00e4ngs skenan utan att beh\u00f6va borra, s\u00e5 att du kan ut\u00f6ka din f\u00f6rvaringsl\u00f6sning i takt med att din samling v\u00e4xer. Lyften \u00e4r tillverkad av h\u00e5llbara, v\u00e4derbest\u00e4ndiga material och \u00e4r konstruerad f\u00f6r att t\u00e5la l\u00e5ngvarig anv\u00e4ndning i alla milj\u00f6er. Den starka konstruktionen garanterar s\u00e4ker drift \u00e4ven i n\u00e4rheten av fordon, vilket g\u00f6r den till ett utm\u00e4rkt val f\u00f6r cykelparkering med h\u00f6g kapacitet i b\u00e5de bostads- och kommersiella milj\u00f6er.<\/p>\n<p>Uppgradera din f\u00f6rvaringsl\u00f6sning med denna m\u00e5ngsidiga, h\u00e5llbara cykellyft som kombinerar styrka, effektivitet och smart design f\u00f6r ett snyggt och v\u00e4lorganiserat utrymme.<\/p>","protected":false},"excerpt":{"rendered":"<ul>\n<li>Vertikal parkering passar b\u00e5de cyklar och bilar p\u00e5 ett effektivt s\u00e4tt<\/li>\n<li>Sidovikbar design maximerar utrymmet<\/li>\n<li>Lyften kan enkelt flyttas l\u00e4ngs skenan<\/li>\n<li>Justerbar h\u00f6jd passar alla cykelstorlekar<\/li>\n<li>Rymmer upp till 14 cyklar p\u00e5 6 meter skena<\/li>\n<li>L\u00e4gg till fler lyft n\u00e4r som helst \u2013 ingen extra borrning beh\u00f6vs<\/li>\n<\/ul>","protected":false},"featured_media":980,"comment_status":"closed","ping_status":"open","template":"","meta":{"_acf_changed":false},"product_brand":[],"product_cat":[142,634,1100],"product_tag":[1101],"class_list":{"0":"post-2390","1":"product","2":"type-product","3":"status-publish","4":"has-post-thumbnail","6":"product_cat-bicycle-parking-system","7":"product_cat-bike-hangers","8":"product_cat-bike-lift","9":"product_tag-wall-mounted-bike-lift","10":"pa_area-of-use-indor-outdoor","11":"pa_bike-lift-capacity-10-35-kg","12":"pa_bike-space-500-mm","13":"pa_color-silver","14":"pa_depth-27-mm","15":"pa_ean-gtin-1103","16":"pa_height-1500-mm","17":"pa_material-stainless-steel","18":"pa_mounting-type-wall-mounting","19":"pa_product-type-bike-lift","20":"pa_rr-item-number-rr103397","21":"pa_weight-10-kg","22":"pa_width-10-mm","24":"first","25":"instock","26":"product-type-simple"},"acf":[],"_links":{"self":[{"href":"https:\/\/rr-solutions.se\/sv\/wp-json\/wp\/v2\/product\/2390","targetHints":{"allow":["GET"]}}],"collection":[{"href":"https:\/\/rr-solutions.se\/sv\/wp-json\/wp\/v2\/product"}],"about":[{"href":"https:\/\/rr-solutions.se\/sv\/wp-json\/wp\/v2\/types\/product"}],"replies":[{"embeddable":true,"href":"https:\/\/rr-solutions.se\/sv\/wp-json\/wp\/v2\/comments?post=2390"}],"wp:featuredmedia":[{"embeddable":true,"href":"https:\/\/rr-solutions.se\/sv\/wp-json\/wp\/v2\/media\/980"}],"wp:attachment":[{"href":"https:\/\/rr-solutions.se\/sv\/wp-json\/wp\/v2\/media?parent=2390"}],"wp:term":[{"taxonomy":"product_brand","embeddable":true,"href":"https:\/\/rr-solutions.se\/sv\/wp-json\/wp\/v2\/product_brand?post=2390"},{"taxonomy":"product_cat","embeddable":true,"href":"https:\/\/rr-solutions.se\/sv\/wp-json\/wp\/v2\/product_cat?post=2390"},{"taxonomy":"product_tag","embeddable":true,"href":"https:\/\/rr-solutions.se\/sv\/wp-json\/wp\/v2\/product_tag?post=2390"}],"curies":[{"name":"wp","href":"https:\/\/api.w.org\/{rel}","templated":true}]}}