{"id":3337,"date":"2026-04-13T16:23:45","date_gmt":"2026-04-13T14:23:45","guid":{"rendered":"https:\/\/rr-solutions.se\/product\/rear-wall-for-shelter-re3-one-sided-troughed-sheet-2\/"},"modified":"2026-04-13T16:23:55","modified_gmt":"2026-04-13T14:23:55","slug":"bakvagg-for-vaderskydd-re3-ensidig-tragformad-plat","status":"publish","type":"product","link":"https:\/\/rr-solutions.se\/sv\/product\/rear-wall-for-shelter-re3-one-sided-troughed-sheet\/","title":{"rendered":"Bakv\u00e4gg f\u00f6r V\u00e4derskydd RE3 \u2013 Ensidig, Tr\u00e5gformad Pl\u00e5t"},"content":{"rendered":"<p>Den helt slutna bakv\u00e4ggen f\u00f6r V\u00e4derskyddet RE-serien \u00e4r utformad f\u00f6r att \u00f6ka skyddet och anv\u00e4ndbarheten genom att st\u00e4nga skyddet p\u00e5 baksidan. Den skyddar effektivt det t\u00e4ckta omr\u00e5det fr\u00e5n vind, regn och h\u00e5rt v\u00e4der, vilket g\u00f6r det idealiskt f\u00f6r cyklar, lagrade varor, maskiner eller fordon. Genom att st\u00e4nga bakdelen blir skyddet s\u00e4krare och bekv\u00e4mare samtidigt som den enkla, praktiska designen hos RE-systemet bibeh\u00e5lls.<\/p>\n<p>Bakv\u00e4ggen \u00e4r tillverkad av slitstark profilerad (tr\u00e5gformad) pl\u00e5t med en stark st\u00f6dram av galvaniserat st\u00e5l och \u00e4r konstruerad f\u00f6r p\u00e5litlig anv\u00e4ndning utomhus. Vissa versioner har paneler som \u00e4r pulverlackerade p\u00e5 b\u00e5da sidor i RAL 9002 gr\u00e5vit f\u00f6r ett rent utseende och f\u00f6rb\u00e4ttrad korrosionsbest\u00e4ndighet. Bakv\u00e4ggen integreras s\u00f6ml\u00f6st med V\u00e4derskyddet RE2, RE3, RE4 och f\u00f6rl\u00e4ngningsenheter och levereras som ett komplett sj\u00e4lvmonteringskit, vilket m\u00f6jligg\u00f6r snabb och enkel installation.<\/p>","protected":false},"excerpt":{"rendered":"<ul>\n<li>St\u00f6dram av galvaniserat st\u00e5l<\/li>\n<li>Slitstarka profilerade (tr\u00e5gformade) pl\u00e5tpaneler<\/li>\n<li>F\u00f6rb\u00e4ttrar skyddet mot vind och regn<\/li>\n<li>Helt sluten bakv\u00e4gg f\u00f6r integritet och v\u00e4derskydd<\/li>\n<li>Levereras som ett enkelt sj\u00e4lvmonteringskit<\/li>\n<\/ul>","protected":false},"featured_media":3111,"comment_status":"closed","ping_status":"open","template":"","meta":{"_acf_changed":false},"product_brand":[],"product_cat":[1404,1403,779],"product_tag":[811],"class_list":{"0":"post-3337","1":"product","2":"type-product","3":"status-publish","4":"has-post-thumbnail","6":"product_cat-model-re-shelter-accessories","7":"product_cat-shelter-accessories","8":"product_cat-shelter-system","9":"product_tag-cycle-shelter","10":"pa_backwall-type-troughed-sheet","11":"pa_color-silver","12":"pa_ean-gtin-1406","13":"pa_height-1850-mm","14":"pa_material-steel","15":"pa_product-type-shelter-re-rear-wall","16":"pa_rr-item-number-rr103427","17":"pa_surface-finish-hot-dip-galvanised","18":"pa_weight-108-kg","19":"pa_width-2975-mm","21":"first","22":"instock","23":"product-type-simple"},"acf":[],"_links":{"self":[{"href":"https:\/\/rr-solutions.se\/sv\/wp-json\/wp\/v2\/product\/3337","targetHints":{"allow":["GET"]}}],"collection":[{"href":"https:\/\/rr-solutions.se\/sv\/wp-json\/wp\/v2\/product"}],"about":[{"href":"https:\/\/rr-solutions.se\/sv\/wp-json\/wp\/v2\/types\/product"}],"replies":[{"embeddable":true,"href":"https:\/\/rr-solutions.se\/sv\/wp-json\/wp\/v2\/comments?post=3337"}],"wp:featuredmedia":[{"embeddable":true,"href":"https:\/\/rr-solutions.se\/sv\/wp-json\/wp\/v2\/media\/3111"}],"wp:attachment":[{"href":"https:\/\/rr-solutions.se\/sv\/wp-json\/wp\/v2\/media?parent=3337"}],"wp:term":[{"taxonomy":"product_brand","embeddable":true,"href":"https:\/\/rr-solutions.se\/sv\/wp-json\/wp\/v2\/product_brand?post=3337"},{"taxonomy":"product_cat","embeddable":true,"href":"https:\/\/rr-solutions.se\/sv\/wp-json\/wp\/v2\/product_cat?post=3337"},{"taxonomy":"product_tag","embeddable":true,"href":"https:\/\/rr-solutions.se\/sv\/wp-json\/wp\/v2\/product_tag?post=3337"}],"curies":[{"name":"wp","href":"https:\/\/api.w.org\/{rel}","templated":true}]}}