{"id":3365,"date":"2026-04-13T16:24:39","date_gmt":"2026-04-13T14:24:39","guid":{"rendered":"https:\/\/rr-solutions.se\/product\/side-wall-for-shelter-rl2-rl4-one-sided-troughed-sheet-ral-9002-2\/"},"modified":"2026-04-13T16:24:40","modified_gmt":"2026-04-13T14:24:40","slug":"sidovagg-for-vaderskydd-rl2-rl4-ensidig-tragformad-plat-ral-9002","status":"publish","type":"product","link":"https:\/\/rr-solutions.se\/sv\/product\/side-wall-for-shelter-rl2-rl4-one-sided-troughed-sheet-ral-9002\/","title":{"rendered":"Sidov\u00e4gg f\u00f6r V\u00e4derskydd RL2-RL4 \u2013 Ensidig, Tr\u00e5gformad Pl\u00e5t, RAL 9002"},"content":{"rendered":"<p>V\u00e4derskydd RL-sidov\u00e4ggen \u00e4r en solid panel som \u00e4r utformad f\u00f6r att skydda v\u00e4derskyddets sidor fr\u00e5n v\u00e4der och ge avskildhet. Den har en stark r\u00f6rformad st\u00e5lram med slitstark profilerad st\u00e5lpl\u00e5t f\u00f6r l\u00e5ngvarig stabilitet och skydd.<\/p>\n<p>Sidov\u00e4ggen \u00e4r galvaniserad och ytbehandlad i RAL 9002 gr\u00e5vit, vilket ger den b\u00e5de rostbest\u00e4ndighet och ett rent, modernt utseende. Den passar alla V\u00e4derskydd RL-modeller och kan l\u00e4ggas till \u00f6ppna, halv\u00f6ppna eller st\u00e4ngda skjul. Panelen \u00e4r idealisk f\u00f6r att f\u00f6rvara f\u00f6rem\u00e5l, fordon eller utrustning p\u00e5 ett s\u00e4kert s\u00e4tt och \u00e4r snabb och enkel att montera.<\/p>","protected":false},"excerpt":{"rendered":"<ul>\n<li>Stark ram av galvaniserat st\u00e5l<\/li>\n<li>Slitstarka profilerade (tr\u00e5gformade) pl\u00e5tpaneler<\/li>\n<li>Kan anv\u00e4ndas p\u00e5 b\u00e5de h\u00f6ger och v\u00e4nster sida<\/li>\n<li>\u00d6kar skyddet mot vind och regn<\/li>\n<li>Levereras som ett enkelt sj\u00e4lvmonteringskit<\/li>\n<\/ul>","protected":false},"featured_media":4082,"comment_status":"closed","ping_status":"open","template":"","meta":{"_acf_changed":false},"product_brand":[],"product_cat":[1511,1403,779],"product_tag":[811,838],"class_list":{"0":"post-3365","1":"product","2":"type-product","3":"status-publish","4":"has-post-thumbnail","6":"product_cat-model-rl-shelter-accessories","7":"product_cat-shelter-accessories","8":"product_cat-shelter-system","9":"product_tag-cycle-shelter","10":"product_tag-smoking-shelter","11":"pa_color-ral-9002-grey-white","12":"pa_ean-gtin-1541","13":"pa_height-1880-mm","14":"pa_material-steel","15":"pa_product-type-shelter-rl-side-wall","16":"pa_rr-item-number-rr103461","17":"pa_side-wall-type-troughed-sheet","18":"pa_surface-finish-hot-dip-galvanised-powder-coated","19":"pa_weight-40-kg","20":"pa_width-2200-mm","22":"first","23":"instock","24":"product-type-simple"},"acf":[],"_links":{"self":[{"href":"https:\/\/rr-solutions.se\/sv\/wp-json\/wp\/v2\/product\/3365","targetHints":{"allow":["GET"]}}],"collection":[{"href":"https:\/\/rr-solutions.se\/sv\/wp-json\/wp\/v2\/product"}],"about":[{"href":"https:\/\/rr-solutions.se\/sv\/wp-json\/wp\/v2\/types\/product"}],"replies":[{"embeddable":true,"href":"https:\/\/rr-solutions.se\/sv\/wp-json\/wp\/v2\/comments?post=3365"}],"wp:featuredmedia":[{"embeddable":true,"href":"https:\/\/rr-solutions.se\/sv\/wp-json\/wp\/v2\/media\/4082"}],"wp:attachment":[{"href":"https:\/\/rr-solutions.se\/sv\/wp-json\/wp\/v2\/media?parent=3365"}],"wp:term":[{"taxonomy":"product_brand","embeddable":true,"href":"https:\/\/rr-solutions.se\/sv\/wp-json\/wp\/v2\/product_brand?post=3365"},{"taxonomy":"product_cat","embeddable":true,"href":"https:\/\/rr-solutions.se\/sv\/wp-json\/wp\/v2\/product_cat?post=3365"},{"taxonomy":"product_tag","embeddable":true,"href":"https:\/\/rr-solutions.se\/sv\/wp-json\/wp\/v2\/product_tag?post=3365"}],"curies":[{"name":"wp","href":"https:\/\/api.w.org\/{rel}","templated":true}]}}