{"id":3625,"date":"2026-04-13T16:24:17","date_gmt":"2026-04-13T14:24:17","guid":{"rendered":"https:\/\/rr-solutions.se\/product\/shelter-rl4-extension-unit-two-sided-2\/"},"modified":"2026-04-21T11:59:39","modified_gmt":"2026-04-21T09:59:39","slug":"vaderskydd-rl4-forlangningsenhet-dubbelsidig","status":"publish","type":"product","link":"https:\/\/rr-solutions.se\/sv\/product\/shelter-rl4-extension-unit-two-sided\/","title":{"rendered":"V\u00e4derskydd RL4 F\u00f6rl\u00e4ngningsenhet - Dubbelsidig"},"content":{"rendered":"<p>V\u00e4derskyddet RL-systemet \u00e4r ett starkt och praktiskt v\u00e4derskydd med platt tak tillverkat av varmf\u00f6rzinkat st\u00e5l. Det \u00e4r utformat f\u00f6r att vara enkelt, h\u00e5llbart och l\u00e4tt att anv\u00e4nda. V\u00e4derskyddet \u00e4r idealiskt f\u00f6r materialf\u00f6rvaring, cykelparkering eller som t\u00e4ckt utrymme f\u00f6r r\u00f6kning.<\/p>\n<p>Systemet anv\u00e4nder basenheter och f\u00f6rl\u00e4ngningsenheter, s\u00e5 att du kan f\u00f6rl\u00e4nga v\u00e4derskyddet vid behov. Sidov\u00e4ggar och bakv\u00e4ggar av pl\u00e5t kan l\u00e4ggas till f\u00f6r att skapa ett \u00f6ppet, halvst\u00e4ngt eller helt st\u00e4ngt v\u00e4derskydd.<\/p>\n<p>Metalltaket \u00e4r f\u00e4st p\u00e5 tre sidor och l\u00e5ter regnvatten rinna av bak\u00e5t. Regnr\u00e4nnor och stupr\u00f6r finns som tillbeh\u00f6r. V\u00e4derskydd RL finns med takdjup p\u00e5 2 200 mm eller 4 400 mm.<\/p>\n<p>Varje v\u00e4derskydd levereras som ett sj\u00e4lvmonteringskit med tydliga och enkla monteringsanvisningar. V\u00e4derskyddet finns \u00e4ven i RAL-f\u00e4rger som matchar din plats eller byggnad.<\/p>","protected":false},"excerpt":{"rendered":"<ul>\n<li>Stark ram av galvaniserat st\u00e5l<\/li>\n<li>H\u00e5llbart v\u00e4derskydd med platt tak<\/li>\n<li>Alternativ f\u00f6r ensidig eller dubbelsidig design<\/li>\n<li>Kan ut\u00f6kas med extra enheter<\/li>\n<li>Valfria sid- och bakv\u00e4ggspaneler<\/li>\n<li>Levereras som ett enkelt sj\u00e4lvmonteringskit<\/li>\n<\/ul>","protected":false},"featured_media":4183,"comment_status":"closed","ping_status":"closed","template":"","meta":{"_acf_changed":false},"product_brand":[],"product_cat":[780,1478,779],"product_tag":[811,838],"class_list":{"0":"post-3625","1":"product","2":"type-product","3":"status-publish","4":"has-post-thumbnail","6":"product_cat-cycle-shelter","7":"product_cat-model-rl","8":"product_cat-shelter-system","9":"product_tag-cycle-shelter","10":"product_tag-smoking-shelter","11":"pa_base-area-1860-m","12":"pa_clear-depth-4400-mm","13":"pa_clear-height-2175-mm","14":"pa_clear-width-4240-mm","15":"pa_color-silver","16":"pa_configuration-two-sided","17":"pa_construction-screwed-assembly-kit","18":"pa_depth-4400-mm","19":"pa_ean-gtin-1506","20":"pa_europallet-capacity-15-pcs","21":"pa_height-2360-mm","22":"pa_material-steel","23":"pa_max-snow-load-075-kn-qm","24":"pa_mounting-type-floor-mounting","25":"pa_pipe-diameter-60-mm","26":"pa_product-type-shelter-rl","27":"pa_refuse-bin-capacity-8-120l-side-by-side","28":"pa_roof-style-flat-roof","29":"pa_rr-item-number-rr103453","30":"pa_surface-finish-hot-dip-galvanised","31":"pa_waste-container-capacity-3-1100l-side-by-side","32":"pa_weight-300-kg","33":"pa_width-4300-mm","35":"first","36":"instock","37":"product-type-simple"},"acf":[],"_links":{"self":[{"href":"https:\/\/rr-solutions.se\/sv\/wp-json\/wp\/v2\/product\/3625","targetHints":{"allow":["GET"]}}],"collection":[{"href":"https:\/\/rr-solutions.se\/sv\/wp-json\/wp\/v2\/product"}],"about":[{"href":"https:\/\/rr-solutions.se\/sv\/wp-json\/wp\/v2\/types\/product"}],"replies":[{"embeddable":true,"href":"https:\/\/rr-solutions.se\/sv\/wp-json\/wp\/v2\/comments?post=3625"}],"wp:featuredmedia":[{"embeddable":true,"href":"https:\/\/rr-solutions.se\/sv\/wp-json\/wp\/v2\/media\/4183"}],"wp:attachment":[{"href":"https:\/\/rr-solutions.se\/sv\/wp-json\/wp\/v2\/media?parent=3625"}],"wp:term":[{"taxonomy":"product_brand","embeddable":true,"href":"https:\/\/rr-solutions.se\/sv\/wp-json\/wp\/v2\/product_brand?post=3625"},{"taxonomy":"product_cat","embeddable":true,"href":"https:\/\/rr-solutions.se\/sv\/wp-json\/wp\/v2\/product_cat?post=3625"},{"taxonomy":"product_tag","embeddable":true,"href":"https:\/\/rr-solutions.se\/sv\/wp-json\/wp\/v2\/product_tag?post=3625"}],"curies":[{"name":"wp","href":"https:\/\/api.w.org\/{rel}","templated":true}]}}