{"id":3636,"date":"2026-04-13T16:24:39","date_gmt":"2026-04-13T14:24:39","guid":{"rendered":"https:\/\/rr-solutions.se\/product\/gutter-for-shelter-rl2-one-sided\/"},"modified":"2026-04-13T16:24:42","modified_gmt":"2026-04-13T14:24:42","slug":"ranna-for-vaderskydd-rl2-ensidig","status":"publish","type":"product","link":"https:\/\/rr-solutions.se\/sv\/product\/gutter-for-shelter-rl2-one-sided\/","title":{"rendered":"R\u00e4nna f\u00f6r V\u00e4derskydd RL2 \u2013 Ensidig"},"content":{"rendered":"<p>Skydda ditt V\u00e4derskydd RL fr\u00e5n regnskador med detta h\u00e5llbara regnr\u00e4nnssystem. Det \u00e4r konstruerat f\u00f6r l\u00e5ngvarig anv\u00e4ndning utomhus och har en varmf\u00f6rzinkad st\u00e5lkonstruktion med ett flexibelt fogsystem som m\u00f6jligg\u00f6r expansion och kontraktion vid temperaturf\u00f6r\u00e4ndringar, vilket f\u00f6rhindrar sprickor och strukturella skador.<\/p>","protected":false},"excerpt":{"rendered":"<ul>\n<li>Varmf\u00f6rzinkat st\u00e5l f\u00f6r \u00f6verl\u00e4gsen h\u00e5llbarhet<\/li>\n<li>Slagfast, v\u00e4der- och UV-best\u00e4ndig konstruktion<\/li>\n<li>Flexibelt fogsystem som anpassar sig efter temperaturf\u00f6r\u00e4ndringar<\/li>\n<li>Effektivt regnvattenavrinning f\u00f6r att skydda taket p\u00e5 v\u00e4derskyddet<\/li>\n<\/ul>","protected":false},"featured_media":4084,"comment_status":"closed","ping_status":"open","template":"","meta":{"_acf_changed":false},"product_brand":[],"product_cat":[1511,1403,779],"product_tag":[811,838],"class_list":{"0":"post-3636","1":"product","2":"type-product","3":"status-publish","4":"has-post-thumbnail","6":"product_cat-model-rl-shelter-accessories","7":"product_cat-shelter-accessories","8":"product_cat-shelter-system","9":"product_tag-cycle-shelter","10":"product_tag-smoking-shelter","11":"pa_color-silver","12":"pa_depth-65-mm","13":"pa_ean-gtin-1549","14":"pa_height-51-mm","15":"pa_material-steel","16":"pa_pipe-diameter-53-mm","17":"pa_product-type-shelter-rl-gutter","18":"pa_rr-item-number-rr103463","19":"pa_surface-finish-hot-dip-galvanised","20":"pa_width-2250-mm","22":"first","23":"instock","24":"product-type-simple"},"acf":[],"_links":{"self":[{"href":"https:\/\/rr-solutions.se\/sv\/wp-json\/wp\/v2\/product\/3636","targetHints":{"allow":["GET"]}}],"collection":[{"href":"https:\/\/rr-solutions.se\/sv\/wp-json\/wp\/v2\/product"}],"about":[{"href":"https:\/\/rr-solutions.se\/sv\/wp-json\/wp\/v2\/types\/product"}],"replies":[{"embeddable":true,"href":"https:\/\/rr-solutions.se\/sv\/wp-json\/wp\/v2\/comments?post=3636"}],"wp:featuredmedia":[{"embeddable":true,"href":"https:\/\/rr-solutions.se\/sv\/wp-json\/wp\/v2\/media\/4084"}],"wp:attachment":[{"href":"https:\/\/rr-solutions.se\/sv\/wp-json\/wp\/v2\/media?parent=3636"}],"wp:term":[{"taxonomy":"product_brand","embeddable":true,"href":"https:\/\/rr-solutions.se\/sv\/wp-json\/wp\/v2\/product_brand?post=3636"},{"taxonomy":"product_cat","embeddable":true,"href":"https:\/\/rr-solutions.se\/sv\/wp-json\/wp\/v2\/product_cat?post=3636"},{"taxonomy":"product_tag","embeddable":true,"href":"https:\/\/rr-solutions.se\/sv\/wp-json\/wp\/v2\/product_tag?post=3636"}],"curies":[{"name":"wp","href":"https:\/\/api.w.org\/{rel}","templated":true}]}}