{"id":3781,"date":"2026-04-13T16:23:57","date_gmt":"2026-04-13T14:23:57","guid":{"rendered":"https:\/\/rr-solutions.se\/product\/side-walls-for-shelter-re2-two-sided-polycarbonate-2\/"},"modified":"2026-04-13T16:24:02","modified_gmt":"2026-04-13T14:24:02","slug":"sidovaggar-for-vaderskydd-re2-tvasidiga-polykarbonat","status":"publish","type":"product","link":"https:\/\/rr-solutions.se\/sv\/product\/side-walls-for-shelter-re2-two-sided-polycarbonate\/","title":{"rendered":"Sidov\u00e4ggar f\u00f6r V\u00e4derskydd RE2 \u2013 Dubbelsidig, Polykarbonat"},"content":{"rendered":"<p>F\u00f6rb\u00e4ttra skyddet och m\u00e5ngsidigheten hos ditt V\u00e4derskydd RE-system med v\u00e5ra h\u00f6gkvalitativa sidov\u00e4ggar. Speciellt utformade f\u00f6r V\u00e4derskydd RE-serien. Varje panel \u00e4r tillverkad med en robust galvaniserad st\u00f6dram f\u00f6r att s\u00e4kerst\u00e4lla l\u00e5ngvarig stabilitet och styrka. V\u00e4ggarna finns i en rad olika material, inklusive polykarbonat eller pl\u00e5t, och kan pulverlackeras i RAL 9002 gr\u00e5vit f\u00f6r en elegant, v\u00e4derbest\u00e4ndig yta. <\/p>\n<p>Dessa sidov\u00e4ggar \u00e4r l\u00e4tta att installera som tillval och g\u00f6r att du kan st\u00e4nga in ditt V\u00e4derskydd RE-system helt, vilket g\u00f6r det idealiskt f\u00f6r att skydda cyklar, maskiner, lagrade varor eller skapa en s\u00e4ker arbetsplats utomhus. Genom att l\u00e4gga till sidov\u00e4ggar maximerar du skyddet mot v\u00e4der och vind samtidigt som du beh\u00e5ller den enkelhet och kostnadseffektivitet som RE-serien \u00e4r k\u00e4nd f\u00f6r.<\/p>","protected":false},"excerpt":{"rendered":"<ul>\n<li>Stark ram av galvaniserat st\u00e5l<\/li>\n<li>Sl\u00e4t, genomskinlig polyesterpanel som sl\u00e4pper igenom ljus och ger god sikt<\/li>\n<li>Kan monteras p\u00e5 h\u00f6ger eller v\u00e4nster sida av v\u00e4derskyddet<\/li>\n<li>\u00d6kar skyddet mot vind och regn<\/li>\n<li>Levereras som ett enkelt sj\u00e4lvmonteringskit<\/li>\n<\/ul>","protected":false},"featured_media":0,"comment_status":"closed","ping_status":"open","template":"","meta":{"_acf_changed":false},"product_brand":[],"product_cat":[1404,1403,779],"product_tag":[811],"class_list":{"0":"post-3781","1":"product","2":"type-product","3":"status-publish","5":"product_cat-model-re-shelter-accessories","6":"product_cat-shelter-accessories","7":"product_cat-shelter-system","8":"product_tag-cycle-shelter","9":"pa_color-transparent","10":"pa_ean-gtin-1423","11":"pa_height-2090-mm","12":"pa_material-steel","13":"pa_product-type-shelter-re-side-wall","14":"pa_rr-item-number-rr103433","15":"pa_side-wall-type-polycarbonate","16":"pa_weight-258-kg","17":"pa_width-4160-mm","19":"first","20":"instock","21":"product-type-simple"},"acf":[],"_links":{"self":[{"href":"https:\/\/rr-solutions.se\/sv\/wp-json\/wp\/v2\/product\/3781","targetHints":{"allow":["GET"]}}],"collection":[{"href":"https:\/\/rr-solutions.se\/sv\/wp-json\/wp\/v2\/product"}],"about":[{"href":"https:\/\/rr-solutions.se\/sv\/wp-json\/wp\/v2\/types\/product"}],"replies":[{"embeddable":true,"href":"https:\/\/rr-solutions.se\/sv\/wp-json\/wp\/v2\/comments?post=3781"}],"wp:attachment":[{"href":"https:\/\/rr-solutions.se\/sv\/wp-json\/wp\/v2\/media?parent=3781"}],"wp:term":[{"taxonomy":"product_brand","embeddable":true,"href":"https:\/\/rr-solutions.se\/sv\/wp-json\/wp\/v2\/product_brand?post=3781"},{"taxonomy":"product_cat","embeddable":true,"href":"https:\/\/rr-solutions.se\/sv\/wp-json\/wp\/v2\/product_cat?post=3781"},{"taxonomy":"product_tag","embeddable":true,"href":"https:\/\/rr-solutions.se\/sv\/wp-json\/wp\/v2\/product_tag?post=3781"}],"curies":[{"name":"wp","href":"https:\/\/api.w.org\/{rel}","templated":true}]}}