{"id":3842,"date":"2026-04-03T16:09:49","date_gmt":"2026-04-03T14:09:49","guid":{"rendered":"https:\/\/rr-solutions.se\/product\/bike-hanger-h2-for-1-bike-2\/"},"modified":"2026-04-03T16:09:52","modified_gmt":"2026-04-03T14:09:52","slug":"cykelhallare-h2-for-1-cykel","status":"publish","type":"product","link":"https:\/\/rr-solutions.se\/sv\/product\/bike-hanger-h2-for-1-bike\/","title":{"rendered":"Cykelh\u00e5llare H2 f\u00f6r 1 cykel"},"content":{"rendered":"<p>Cykelh\u00e5llare H2 f\u00f6r 1 cykel \u00e4r en praktisk och platsbesparande l\u00f6sning som \u00e4r utformad f\u00f6r effektiv cykelf\u00f6rvaring. Oavsett om det \u00e4r i garaget eller k\u00e4llaren kan du med denna vikbara v\u00e4ggmonterade h\u00e5llare enkelt f\u00f6rvara din cykel vertikalt och h\u00e5lla den borta fr\u00e5n golvet och ur v\u00e4gen. Den \u00e4r tillverkad av h\u00e5llbart st\u00e5l och har en robust konstruktion med ett st\u00e5lr\u00f6r som garanterar l\u00e5ngvarig anv\u00e4ndning. Den kompakta designen g\u00f6r att den kan f\u00e4llas ihop n\u00e4r den inte anv\u00e4nds och tar upp minimalt med utrymme. Cykelh\u00e5llaren H2 f\u00f6r 1 cykel \u00e4r l\u00e4tt att hantera och installera. Den h\u00e4r m\u00e5ngsidiga och robusta Cykelh\u00e5llaren \u00e4r perfekt f\u00f6r alla cyklister som vill h\u00e5lla sitt utrymme organiserat och fritt fr\u00e5n r\u00f6ran.<\/p>","protected":false},"excerpt":{"rendered":"<ul>\n<li>Vikbar v\u00e4ggmonterad Cykelh\u00e5llare f\u00f6r vertikal f\u00f6rvaring<\/li>\n<li>L\u00e4mplig f\u00f6r anv\u00e4ndning i garage eller k\u00e4llare<\/li>\n<li>Tillverkad av slitstarkt st\u00e5l med 16 mm r\u00f6rdiameter<\/li>\n<li>Tjocklek p\u00e5 st\u00e5lpl\u00e5ten: 2 mm<\/li>\n<li>Storlek i st\u00e4ngt l\u00e4ge: 649x153x46 mm<\/li>\n<li>Storlek n\u00e4r den \u00e4r \u00f6ppen: 625x153x608 mm<\/li>\n<li>Enkel att installera och platsbesparande l\u00f6sning<\/li>\n<\/ul>","protected":false},"featured_media":760,"comment_status":"closed","ping_status":"open","template":"","meta":{"_acf_changed":false},"product_brand":[],"product_cat":[142,635,634],"product_tag":[636],"class_list":{"0":"post-3842","1":"product","2":"type-product","3":"status-publish","4":"has-post-thumbnail","6":"product_cat-bicycle-parking-system","7":"product_cat-bike-hanger-h2","8":"product_cat-bike-hangers","9":"product_tag-bike-hangers","10":"pa_color-silver","11":"pa_configuration-one-sided","12":"pa_depth-153-mm","13":"pa_ean-gtin-627","14":"pa_height-625-mm","15":"pa_length-608-mm","16":"pa_material-steel","17":"pa_mounting-type-wall-mounting","18":"pa_parking-spaces-1-bikes","19":"pa_rr-item-number-rr101332","20":"pa_surface-hot-dip-galvanised","21":"pa_weight-18-kg","23":"first","24":"instock","25":"product-type-simple"},"acf":[],"_links":{"self":[{"href":"https:\/\/rr-solutions.se\/sv\/wp-json\/wp\/v2\/product\/3842","targetHints":{"allow":["GET"]}}],"collection":[{"href":"https:\/\/rr-solutions.se\/sv\/wp-json\/wp\/v2\/product"}],"about":[{"href":"https:\/\/rr-solutions.se\/sv\/wp-json\/wp\/v2\/types\/product"}],"replies":[{"embeddable":true,"href":"https:\/\/rr-solutions.se\/sv\/wp-json\/wp\/v2\/comments?post=3842"}],"wp:featuredmedia":[{"embeddable":true,"href":"https:\/\/rr-solutions.se\/sv\/wp-json\/wp\/v2\/media\/760"}],"wp:attachment":[{"href":"https:\/\/rr-solutions.se\/sv\/wp-json\/wp\/v2\/media?parent=3842"}],"wp:term":[{"taxonomy":"product_brand","embeddable":true,"href":"https:\/\/rr-solutions.se\/sv\/wp-json\/wp\/v2\/product_brand?post=3842"},{"taxonomy":"product_cat","embeddable":true,"href":"https:\/\/rr-solutions.se\/sv\/wp-json\/wp\/v2\/product_cat?post=3842"},{"taxonomy":"product_tag","embeddable":true,"href":"https:\/\/rr-solutions.se\/sv\/wp-json\/wp\/v2\/product_tag?post=3842"}],"curies":[{"name":"wp","href":"https:\/\/api.w.org\/{rel}","templated":true}]}}