{"id":4132,"date":"2026-04-08T14:52:12","date_gmt":"2026-04-08T12:52:12","guid":{"rendered":"https:\/\/rr-solutions.se\/product\/model-960-picnic-table-with-welded-frame-backrests-for-8-persons-2\/"},"modified":"2026-04-08T14:52:31","modified_gmt":"2026-04-08T12:52:31","slug":"modell-960-picknickbord-med-svetsad-ram-och-med-ryggstod-for-8-personer","status":"publish","type":"product","link":"https:\/\/rr-solutions.se\/sv\/product\/model-960-picnic-table-with-welded-frame-backrests-for-8-persons\/","title":{"rendered":"Modell 960 \u2013 Picknickbord med Svetsad Ram &amp; med Ryggst\u00f6d f\u00f6r 8 Personer"},"content":{"rendered":"<p>V\u00e5ra picknickbord \u00e4r utformade f\u00f6r att kombinera h\u00e5llbarhet, komfort och tidl\u00f6s stil, vilket g\u00f6r dem till ett perfekt tillskott till alla utomhusmilj\u00f6er. Oavsett om det g\u00e4ller parker, skolor, hotell och restauranger, offentliga utrymmen eller privata tr\u00e4dg\u00e5rdar, erbjuder dessa bord en praktisk och attraktiv l\u00f6sning f\u00f6r utomhusm\u00f6blering.<\/p>\n<p>Borden finns i \u00e5tervunnen plast eller h\u00f6gkvalitativ douglasgran och \u00e4r konstruerade f\u00f6r att t\u00e5la daglig anv\u00e4ndning och varierande v\u00e4derf\u00f6rh\u00e5llanden. Alternativet i \u00e5tervunnen plast erbjuder en underh\u00e5llsfri och milj\u00f6v\u00e4nlig l\u00f6sning, medan versionen i douglasgran ger en naturlig och klassisk estetik. B\u00e5da materialen kombineras med en robust ram i galvaniserat st\u00e5l, som finns i antingen skruvad eller svetsad konstruktion, vilket garanterar utm\u00e4rkt stabilitet och l\u00e5ng livsl\u00e4ngd.<\/p>\n<p>V\u00e5rt sortiment omfattar modeller med 6 och 8 sittplatser, med alternativ f\u00f6r ryggst\u00f6d eller ryggl\u00f6sa modeller f\u00f6r att passa olika komfort- och utrymmeskrav. F\u00f6r inkluderande milj\u00f6er erbjuder vi \u00e4ven ett rullstolsanpassat picknickbord, som \u00e4r noggrant utformat f\u00f6r att ge enkel \u00e5tkomst och bekv\u00e4ma sittplatser f\u00f6r alla anv\u00e4ndare.<\/p>\n<p>Varje bord \u00e4r konstruerat f\u00f6r styrka, s\u00e4kerhet och enkel installation. De bultade versionerna m\u00f6jligg\u00f6r enkel montering, medan de svetsade ramarna ger en s\u00f6ml\u00f6s, t\u00e5lig struktur. Den rena, m\u00e5ngsidiga designen kompletterar b\u00e5de moderna och traditionella utomhusmilj\u00f6er.<\/p>\n<p>Fr\u00e5n avslappnade eftermiddagskaffepauser till livliga sammankomster med familj och v\u00e4nner \u2013 v\u00e5ra picknickbord skapar en v\u00e4lkomnande milj\u00f6 f\u00f6r gemensamma stunder utomhus. De \u00e4r h\u00e5llbara, praktiska och eleganta och konstruerade f\u00f6r att ge m\u00e5nga \u00e5rs p\u00e5litlig anv\u00e4ndning i alla milj\u00f6er.<\/p>","protected":false},"excerpt":{"rendered":"<ul>\n<li>Rymmer 8 personer bekv\u00e4mt, med plats f\u00f6r 2 personer p\u00e5 varje b\u00e4nk<\/li>\n<li>Finns med ryggst\u00f6d f\u00f6r \u00f6kad komfort<\/li><\/li>\n<li>Tillverkad av douglasgran<\/li>\n<li>Stabil ram av galvaniserat st\u00e5l<\/li>\n<li>Tryckimpregnerat f\u00f6r att skydda mot fukt och skador p\u00e5 tr\u00e4et<\/li>\n<li>Ingen montering kr\u00e4vs tack vare den svetsade konstruktionen<\/li>\n<\/ul>","protected":false},"featured_media":1129,"comment_status":"closed","ping_status":"open","template":"","meta":{"_acf_changed":false},"product_brand":[],"product_cat":[90,91,127],"product_tag":[116],"class_list":{"0":"post-4132","1":"product","2":"type-product","3":"status-publish","4":"has-post-thumbnail","6":"product_cat-outdoor-furniture","7":"product_cat-picnic-tables","8":"product_cat-wood-picnic-tables","9":"product_tag-picnic-table-with-backrests-for-8-person","10":"pa_backrest-seat-height-790-mm","11":"pa_backrest-seat-length-1000-mm","12":"pa_backrest-seat-width-220-mm","13":"pa_backseat-included-yes","14":"pa_color-oak","15":"pa_frame-weight-68-kg","16":"pa_height-720-mm","17":"pa_length-2160-mm","18":"pa_no-of-backrest-planks-8-pcs","19":"pa_no-of-seat-planks-12-pcs","20":"pa_no-of-table-planks-10-pcs","21":"pa_seat-height-480-mm","22":"pa_seat-length-1000-mm","23":"pa_seat-width-320-mm","24":"pa_seating-capacity-8-persons","25":"pa_table-height-720-mm","26":"pa_table-length-1100-mm","27":"pa_table-width-1000-mm","28":"pa_weight-164-kg","29":"pa_width-2160-mm","31":"first","32":"instock","33":"product-type-simple"},"acf":[],"_links":{"self":[{"href":"https:\/\/rr-solutions.se\/sv\/wp-json\/wp\/v2\/product\/4132","targetHints":{"allow":["GET"]}}],"collection":[{"href":"https:\/\/rr-solutions.se\/sv\/wp-json\/wp\/v2\/product"}],"about":[{"href":"https:\/\/rr-solutions.se\/sv\/wp-json\/wp\/v2\/types\/product"}],"replies":[{"embeddable":true,"href":"https:\/\/rr-solutions.se\/sv\/wp-json\/wp\/v2\/comments?post=4132"}],"wp:featuredmedia":[{"embeddable":true,"href":"https:\/\/rr-solutions.se\/sv\/wp-json\/wp\/v2\/media\/1129"}],"wp:attachment":[{"href":"https:\/\/rr-solutions.se\/sv\/wp-json\/wp\/v2\/media?parent=4132"}],"wp:term":[{"taxonomy":"product_brand","embeddable":true,"href":"https:\/\/rr-solutions.se\/sv\/wp-json\/wp\/v2\/product_brand?post=4132"},{"taxonomy":"product_cat","embeddable":true,"href":"https:\/\/rr-solutions.se\/sv\/wp-json\/wp\/v2\/product_cat?post=4132"},{"taxonomy":"product_tag","embeddable":true,"href":"https:\/\/rr-solutions.se\/sv\/wp-json\/wp\/v2\/product_tag?post=4132"}],"curies":[{"name":"wp","href":"https:\/\/api.w.org\/{rel}","templated":true}]}}